{"id":1968,"date":"2021-03-29T18:10:46","date_gmt":"2021-03-29T16:10:46","guid":{"rendered":"https:\/\/www.niclen.de\/?page_id=1968"},"modified":"2026-04-13T15:01:05","modified_gmt":"2026-04-13T13:01:05","slug":"afdruk","status":"publish","type":"page","link":"https:\/\/www.niclen.de\/nl\/afdruk\/","title":{"rendered":"Afdruk"},"content":{"rendered":"\t\t<div data-elementor-type=\"wp-page\" data-elementor-id=\"1968\" class=\"elementor elementor-1968 elementor-1434\" data-elementor-settings=\"{&quot;ha_cmc_init_switcher&quot;:&quot;no&quot;}\" data-elementor-post-type=\"page\">\n\t\t\t\t\t\t<section class=\"elementor-section elementor-top-section elementor-element elementor-element-ef05743 elementor-section-boxed elementor-section-height-default elementor-section-height-default\" data-id=\"ef05743\" data-element_type=\"section\" data-e-type=\"section\" data-settings=\"{&quot;_ha_eqh_enable&quot;:false}\">\n\t\t\t\t\t\t<div class=\"elementor-container elementor-column-gap-default\">\n\t\t\t\t\t<div class=\"elementor-column elementor-col-100 elementor-top-column elementor-element elementor-element-7885960\" data-id=\"7885960\" data-element_type=\"column\" data-e-type=\"column\">\n\t\t\t<div class=\"elementor-widget-wrap elementor-element-populated\">\n\t\t\t\t\t\t<div class=\"elementor-element elementor-element-59ebe74 elementor-widget elementor-widget-heading\" data-id=\"59ebe74\" data-element_type=\"widget\" data-e-type=\"widget\" data-widget_type=\"heading.default\">\n\t\t\t\t<div class=\"elementor-widget-container\">\n\t\t\t\t\t<h2 class=\"elementor-heading-title elementor-size-default\">NicLen GmbH\n<br>\n(NicLen Gesellschaft f\u00fcr Elektronik, Handel und Vermietung mbH,<br> NicLen B.V., NicLen SARL, NicLen Ltd., NicLen CH AG,  NicLen Holding GmbH)<\/h2>\t\t\t\t<\/div>\n\t\t\t\t<\/div>\n\t\t\t\t<div class=\"elementor-element elementor-element-2b9c038 elementor-widget elementor-widget-text-editor\" data-id=\"2b9c038\" data-element_type=\"widget\" data-e-type=\"widget\" data-widget_type=\"text-editor.default\">\n\t\t\t\t<div class=\"elementor-widget-container\">\n\t\t\t\t\t\t\t\t\t<p>Directeuren: J\u00f6rg St\u00f6ppler &amp; Jens Wetterkamp<br \/>Steinbrinkstra\u00dfe 61<br \/>44319\u00a0 Dortmund<br \/><span class=\"Y2IQFc\" lang=\"nl\" style=\"white-space: pre-wrap;\">Duitsland<\/span><\/p><p>Mail:\u00a0 <a href=\"mailto:dispo@niclen.de\">dispo@niclen.de<\/a><br \/>Web:\u00a0 www.niclen.de<br \/>Phone: +49 231 \/ 999 61 0<br \/>Fax: +49 231 \/ 999 61 38<\/p><p>HRB 24618 Amtsgericht Dortmund<br \/>BTW-nummer: DE155852786<\/p><h2><strong>NicLen B.V.<\/strong><\/h2><p>Boudewijn Vossen<\/p><p>De Hooistreep 10<br \/>NL-3751 LW\u00a0 Bunschoten-Spakenburg<\/p><p>Tel. +31 85 7822 888<br \/>Fax. +31 85 7822 889<\/p><p>KvK 62589768<br \/>BTW-nummer: NL854878026B01<\/p><p>Conceptie\u00a0en\u00a0realisatie<\/p><p>camalot<br \/>Iserlohn, <span class=\"Y2IQFc\" lang=\"nl\" style=\"white-space: pre-wrap;\">Duitsland<\/span><\/p>\t\t\t\t\t\t\t\t<\/div>\n\t\t\t\t<\/div>\n\t\t\t\t\t<\/div>\n\t\t<\/div>\n\t\t\t\t\t<\/div>\n\t\t<\/section>\n\t\t\t\t<\/div>\n\t\t","protected":false},"excerpt":{"rendered":"<p>NicLen GmbH (NicLen Gesellschaft f\u00fcr Elektronik, Handel und Vermietung mbH, NicLen B.V., NicLen SARL, NicLen Ltd., NicLen CH AG, NicLen Holding GmbH) Directeuren: J\u00f6rg St\u00f6ppler &amp; Jens WetterkampSteinbrinkstra\u00dfe 6144319\u00a0 DortmundDuitsland Mail:\u00a0 dispo@niclen.deWeb:\u00a0 www.niclen.dePhone: +49 231 \/ 999 61 0Fax: +49 231 \/ 999 61 38 HRB 24618 Amtsgericht DortmundBTW-nummer: DE155852786 NicLen B.V. Boudewijn Vossen De [&hellip;]<\/p>\n","protected":false},"author":1,"featured_media":0,"parent":0,"menu_order":0,"comment_status":"closed","ping_status":"closed","template":"","meta":{"_acf_changed":false,"footnotes":""},"class_list":["post-1968","page","type-page","status-publish","hentry"],"acf":[],"yoast_head":"<!-- This site is optimized with the Yoast SEO plugin v27.1.1 - https:\/\/yoast.com\/product\/yoast-seo-wordpress\/ -->\n<title>Afdruk - NicLen GmbH<\/title>\n<meta name=\"robots\" content=\"index, follow, max-snippet:-1, max-image-preview:large, max-video-preview:-1\" \/>\n<link rel=\"canonical\" href=\"https:\/\/www.niclen.de\/en\/imprint\/\" \/>\n<meta property=\"og:locale\" content=\"nl_NL\" \/>\n<meta property=\"og:type\" content=\"article\" \/>\n<meta property=\"og:title\" content=\"Afdruk - NicLen GmbH\" \/>\n<meta property=\"og:description\" content=\"NicLen GmbH (NicLen Gesellschaft f\u00fcr Elektronik, Handel und Vermietung mbH, NicLen B.V., NicLen SARL, NicLen Ltd., NicLen CH AG, NicLen Holding GmbH) Directeuren: J\u00f6rg St\u00f6ppler &amp; Jens WetterkampSteinbrinkstra\u00dfe 6144319\u00a0 DortmundDuitsland Mail:\u00a0 dispo@niclen.deWeb:\u00a0 www.niclen.dePhone: +49 231 \/ 999 61 0Fax: +49 231 \/ 999 61 38 HRB 24618 Amtsgericht DortmundBTW-nummer: DE155852786 NicLen B.V. Boudewijn Vossen De [&hellip;]\" \/>\n<meta property=\"og:url\" content=\"https:\/\/www.niclen.de\/en\/imprint\/\" \/>\n<meta property=\"og:site_name\" content=\"NicLen GmbH\" \/>\n<meta property=\"article:modified_time\" content=\"2026-04-13T13:01:05+00:00\" \/>\n<meta name=\"twitter:card\" content=\"summary_large_image\" \/>\n<meta name=\"twitter:label1\" content=\"Geschatte leestijd\" \/>\n\t<meta name=\"twitter:data1\" content=\"1 minuut\" \/>\n<script type=\"application\/ld+json\" class=\"yoast-schema-graph\">{\"@context\":\"https:\/\/schema.org\",\"@graph\":[{\"@type\":\"WebPage\",\"@id\":\"https:\/\/www.niclen.de\/en\/imprint\/\",\"url\":\"https:\/\/www.niclen.de\/en\/imprint\/\",\"name\":\"Afdruk - NicLen GmbH\",\"isPartOf\":{\"@id\":\"https:\/\/www.niclen.de\/#website\"},\"datePublished\":\"2021-03-29T16:10:46+00:00\",\"dateModified\":\"2026-04-13T13:01:05+00:00\",\"breadcrumb\":{\"@id\":\"https:\/\/www.niclen.de\/en\/imprint\/#breadcrumb\"},\"inLanguage\":\"nl-NL\",\"potentialAction\":[{\"@type\":\"ReadAction\",\"target\":[\"https:\/\/www.niclen.de\/en\/imprint\/\"]}]},{\"@type\":\"BreadcrumbList\",\"@id\":\"https:\/\/www.niclen.de\/en\/imprint\/#breadcrumb\",\"itemListElement\":[{\"@type\":\"ListItem\",\"position\":1,\"name\":\"Startseite\",\"item\":\"https:\/\/www.niclen.de\/\"},{\"@type\":\"ListItem\",\"position\":2,\"name\":\"Afdruk\"}]},{\"@type\":\"WebSite\",\"@id\":\"https:\/\/www.niclen.de\/#website\",\"url\":\"https:\/\/www.niclen.de\/\",\"name\":\"NicLen GmbH\",\"description\":\"Licht, Rigging, Audio &amp; Video von einem Partner\",\"potentialAction\":[{\"@type\":\"SearchAction\",\"target\":{\"@type\":\"EntryPoint\",\"urlTemplate\":\"https:\/\/www.niclen.de\/?s={search_term_string}\"},\"query-input\":{\"@type\":\"PropertyValueSpecification\",\"valueRequired\":true,\"valueName\":\"search_term_string\"}}],\"inLanguage\":\"nl-NL\"}]}<\/script>\n<!-- \/ Yoast SEO plugin. -->","yoast_head_json":{"title":"Afdruk - NicLen GmbH","robots":{"index":"index","follow":"follow","max-snippet":"max-snippet:-1","max-image-preview":"max-image-preview:large","max-video-preview":"max-video-preview:-1"},"canonical":"https:\/\/www.niclen.de\/en\/imprint\/","og_locale":"nl_NL","og_type":"article","og_title":"Afdruk - NicLen GmbH","og_description":"NicLen GmbH (NicLen Gesellschaft f\u00fcr Elektronik, Handel und Vermietung mbH, NicLen B.V., NicLen SARL, NicLen Ltd., NicLen CH AG, NicLen Holding GmbH) Directeuren: J\u00f6rg St\u00f6ppler &amp; Jens WetterkampSteinbrinkstra\u00dfe 6144319\u00a0 DortmundDuitsland Mail:\u00a0 dispo@niclen.deWeb:\u00a0 www.niclen.dePhone: +49 231 \/ 999 61 0Fax: +49 231 \/ 999 61 38 HRB 24618 Amtsgericht DortmundBTW-nummer: DE155852786 NicLen B.V. Boudewijn Vossen De [&hellip;]","og_url":"https:\/\/www.niclen.de\/en\/imprint\/","og_site_name":"NicLen GmbH","article_modified_time":"2026-04-13T13:01:05+00:00","twitter_card":"summary_large_image","twitter_misc":{"Geschatte leestijd":"1 minuut"},"schema":{"@context":"https:\/\/schema.org","@graph":[{"@type":"WebPage","@id":"https:\/\/www.niclen.de\/en\/imprint\/","url":"https:\/\/www.niclen.de\/en\/imprint\/","name":"Afdruk - NicLen GmbH","isPartOf":{"@id":"https:\/\/www.niclen.de\/#website"},"datePublished":"2021-03-29T16:10:46+00:00","dateModified":"2026-04-13T13:01:05+00:00","breadcrumb":{"@id":"https:\/\/www.niclen.de\/en\/imprint\/#breadcrumb"},"inLanguage":"nl-NL","potentialAction":[{"@type":"ReadAction","target":["https:\/\/www.niclen.de\/en\/imprint\/"]}]},{"@type":"BreadcrumbList","@id":"https:\/\/www.niclen.de\/en\/imprint\/#breadcrumb","itemListElement":[{"@type":"ListItem","position":1,"name":"Startseite","item":"https:\/\/www.niclen.de\/"},{"@type":"ListItem","position":2,"name":"Afdruk"}]},{"@type":"WebSite","@id":"https:\/\/www.niclen.de\/#website","url":"https:\/\/www.niclen.de\/","name":"NicLen GmbH","description":"Licht, Rigging, Audio &amp; Video von einem Partner","potentialAction":[{"@type":"SearchAction","target":{"@type":"EntryPoint","urlTemplate":"https:\/\/www.niclen.de\/?s={search_term_string}"},"query-input":{"@type":"PropertyValueSpecification","valueRequired":true,"valueName":"search_term_string"}}],"inLanguage":"nl-NL"}]}},"_links":{"self":[{"href":"https:\/\/www.niclen.de\/nl\/wp-json\/wp\/v2\/pages\/1968","targetHints":{"allow":["GET"]}}],"collection":[{"href":"https:\/\/www.niclen.de\/nl\/wp-json\/wp\/v2\/pages"}],"about":[{"href":"https:\/\/www.niclen.de\/nl\/wp-json\/wp\/v2\/types\/page"}],"author":[{"embeddable":true,"href":"https:\/\/www.niclen.de\/nl\/wp-json\/wp\/v2\/users\/1"}],"replies":[{"embeddable":true,"href":"https:\/\/www.niclen.de\/nl\/wp-json\/wp\/v2\/comments?post=1968"}],"version-history":[{"count":5,"href":"https:\/\/www.niclen.de\/nl\/wp-json\/wp\/v2\/pages\/1968\/revisions"}],"predecessor-version":[{"id":30081,"href":"https:\/\/www.niclen.de\/nl\/wp-json\/wp\/v2\/pages\/1968\/revisions\/30081"}],"wp:attachment":[{"href":"https:\/\/www.niclen.de\/nl\/wp-json\/wp\/v2\/media?parent=1968"}],"curies":[{"name":"wp","href":"https:\/\/api.w.org\/{rel}","templated":true}]}}