{"id":1979,"date":"2021-03-29T18:17:29","date_gmt":"2021-03-29T16:17:29","guid":{"rendered":"https:\/\/www.niclen.de\/?page_id=1979"},"modified":"2026-04-13T15:29:00","modified_gmt":"2026-04-13T13:29:00","slug":"imprimer","status":"publish","type":"page","link":"https:\/\/www.niclen.de\/fr\/imprimer\/","title":{"rendered":"Imprimer"},"content":{"rendered":"\t\t<div data-elementor-type=\"wp-page\" data-elementor-id=\"1979\" class=\"elementor elementor-1979 elementor-1434\" data-elementor-settings=\"{&quot;ha_cmc_init_switcher&quot;:&quot;no&quot;}\" data-elementor-post-type=\"page\">\n\t\t\t\t\t\t<section class=\"elementor-section elementor-top-section elementor-element elementor-element-ef05743 elementor-section-boxed elementor-section-height-default elementor-section-height-default\" data-id=\"ef05743\" data-element_type=\"section\" data-e-type=\"section\" data-settings=\"{&quot;_ha_eqh_enable&quot;:false}\">\n\t\t\t\t\t\t<div class=\"elementor-container elementor-column-gap-default\">\n\t\t\t\t\t<div class=\"elementor-column elementor-col-100 elementor-top-column elementor-element elementor-element-7885960\" data-id=\"7885960\" data-element_type=\"column\" data-e-type=\"column\">\n\t\t\t<div class=\"elementor-widget-wrap elementor-element-populated\">\n\t\t\t\t\t\t<div class=\"elementor-element elementor-element-59ebe74 elementor-widget elementor-widget-heading\" data-id=\"59ebe74\" data-element_type=\"widget\" data-e-type=\"widget\" data-widget_type=\"heading.default\">\n\t\t\t\t<div class=\"elementor-widget-container\">\n\t\t\t\t\t<h2 class=\"elementor-heading-title elementor-size-default\">NicLen GmbH\n<br>\n(NicLen Gesellschaft f\u00fcr Elektronik, Handel und Vermietung mbH,<br> NicLen B.V., NicLen SARL, NicLen Ltd., NicLen CH AG, NicLen Holding GmbH)<\/h2>\t\t\t\t<\/div>\n\t\t\t\t<\/div>\n\t\t\t\t<div class=\"elementor-element elementor-element-2b9c038 elementor-widget elementor-widget-text-editor\" data-id=\"2b9c038\" data-element_type=\"widget\" data-e-type=\"widget\" data-widget_type=\"text-editor.default\">\n\t\t\t\t<div class=\"elementor-widget-container\">\n\t\t\t\t\t\t\t\t\t<p>Direction g\u00e9n\u00e9rale: J\u00f6rg St\u00f6ppler &amp; Jens Wetterkamp<br \/>Steinbrinkstra\u00dfe 61<br \/>44319\u00a0 Dortmund<br \/><span class=\"Y2IQFc\" lang=\"fr\">Allemagne<\/span><\/p><p>Mail:\u00a0 <a href=\"mailto:dispo@niclen.de\">dispo@niclen.de<\/a><br \/>Web:\u00a0 www.niclen.de<br \/>Phone: +49 231 \/ 999 61 0<br \/>Fax: +49 231 \/ 999 61 38<\/p><h1>NicLen France SARL<\/h1><p>Karin Janvier<\/p><p>50, rue des Chardonnerets<br \/>F-93290\u00a0\u00a0Tremblay-en-France<\/p><p>Tel. +33\u00a01 48630294<\/p><p>828 980 805 R.C.S. Bobigny<br \/>num\u00e9ro\u00a0de\u00a0TVA: FR70828980805<\/p><p>Concept and implementation:<br \/>camalot<br \/>Iserlohn, <span class=\"Y2IQFc\" lang=\"fr\" style=\"white-space: pre-wrap;\">Allemagne<\/span><\/p>\t\t\t\t\t\t\t\t<\/div>\n\t\t\t\t<\/div>\n\t\t\t\t\t<\/div>\n\t\t<\/div>\n\t\t\t\t\t<\/div>\n\t\t<\/section>\n\t\t\t\t<\/div>\n\t\t","protected":false},"excerpt":{"rendered":"<p>NicLen GmbH (NicLen Gesellschaft f\u00fcr Elektronik, Handel und Vermietung mbH, NicLen B.V., NicLen SARL, NicLen Ltd., NicLen CH AG, NicLen Holding GmbH) Direction g\u00e9n\u00e9rale: J\u00f6rg St\u00f6ppler &amp; Jens WetterkampSteinbrinkstra\u00dfe 6144319\u00a0 DortmundAllemagne Mail:\u00a0 dispo@niclen.deWeb:\u00a0 www.niclen.dePhone: +49 231 \/ 999 61 0Fax: +49 231 \/ 999 61 38 NicLen France SARL Karin Janvier 50, rue des ChardonneretsF-93290\u00a0\u00a0Tremblay-en-France [&hellip;]<\/p>\n","protected":false},"author":1,"featured_media":0,"parent":0,"menu_order":0,"comment_status":"closed","ping_status":"closed","template":"","meta":{"_acf_changed":false,"footnotes":""},"class_list":["post-1979","page","type-page","status-publish","hentry"],"acf":[],"yoast_head":"<!-- This site is optimized with the Yoast SEO plugin v27.4 - https:\/\/yoast.com\/product\/yoast-seo-wordpress\/ -->\n<title>Imprimer - NicLen GmbH<\/title>\n<meta name=\"robots\" content=\"index, follow, max-snippet:-1, max-image-preview:large, max-video-preview:-1\" \/>\n<link rel=\"canonical\" href=\"https:\/\/www.niclen.de\/en\/imprint\/\" \/>\n<meta property=\"og:locale\" content=\"fr_FR\" \/>\n<meta property=\"og:type\" content=\"article\" \/>\n<meta property=\"og:title\" content=\"Imprimer - NicLen GmbH\" \/>\n<meta property=\"og:description\" content=\"NicLen GmbH (NicLen Gesellschaft f\u00fcr Elektronik, Handel und Vermietung mbH, NicLen B.V., NicLen SARL, NicLen Ltd., NicLen CH AG, NicLen Holding GmbH) Direction g\u00e9n\u00e9rale: J\u00f6rg St\u00f6ppler &amp; Jens WetterkampSteinbrinkstra\u00dfe 6144319\u00a0 DortmundAllemagne Mail:\u00a0 dispo@niclen.deWeb:\u00a0 www.niclen.dePhone: +49 231 \/ 999 61 0Fax: +49 231 \/ 999 61 38 NicLen France SARL Karin Janvier 50, rue des ChardonneretsF-93290\u00a0\u00a0Tremblay-en-France [&hellip;]\" \/>\n<meta property=\"og:url\" content=\"https:\/\/www.niclen.de\/en\/imprint\/\" \/>\n<meta property=\"og:site_name\" content=\"NicLen GmbH\" \/>\n<meta property=\"article:publisher\" content=\"https:\/\/www.facebook.com\/niclen.dryhire\/\" \/>\n<meta property=\"article:modified_time\" content=\"2026-04-13T13:29:00+00:00\" \/>\n<meta name=\"twitter:card\" content=\"summary_large_image\" \/>\n<meta name=\"twitter:label1\" content=\"Dur\u00e9e de lecture estim\u00e9e\" \/>\n\t<meta name=\"twitter:data1\" content=\"1 minute\" \/>\n<script type=\"application\/ld+json\" class=\"yoast-schema-graph\">{\"@context\":\"https:\\\/\\\/schema.org\",\"@graph\":[{\"@type\":\"WebPage\",\"@id\":\"https:\\\/\\\/www.niclen.de\\\/en\\\/imprint\\\/\",\"url\":\"https:\\\/\\\/www.niclen.de\\\/en\\\/imprint\\\/\",\"name\":\"Imprimer - NicLen GmbH\",\"isPartOf\":{\"@id\":\"https:\\\/\\\/www.niclen.de\\\/#website\"},\"datePublished\":\"2021-03-29T16:17:29+00:00\",\"dateModified\":\"2026-04-13T13:29:00+00:00\",\"breadcrumb\":{\"@id\":\"https:\\\/\\\/www.niclen.de\\\/en\\\/imprint\\\/#breadcrumb\"},\"inLanguage\":\"fr-FR\",\"potentialAction\":[{\"@type\":\"ReadAction\",\"target\":[\"https:\\\/\\\/www.niclen.de\\\/en\\\/imprint\\\/\"]}]},{\"@type\":\"BreadcrumbList\",\"@id\":\"https:\\\/\\\/www.niclen.de\\\/en\\\/imprint\\\/#breadcrumb\",\"itemListElement\":[{\"@type\":\"ListItem\",\"position\":1,\"name\":\"Startseite\",\"item\":\"https:\\\/\\\/www.niclen.de\\\/\"},{\"@type\":\"ListItem\",\"position\":2,\"name\":\"Imprimer\"}]},{\"@type\":\"WebSite\",\"@id\":\"https:\\\/\\\/www.niclen.de\\\/#website\",\"url\":\"https:\\\/\\\/www.niclen.de\\\/\",\"name\":\"NicLen GmbH\",\"description\":\"Licht, Rigging, Audio &amp; Video von einem Partner\",\"publisher\":{\"@id\":\"https:\\\/\\\/www.niclen.de\\\/#organization\"},\"potentialAction\":[{\"@type\":\"SearchAction\",\"target\":{\"@type\":\"EntryPoint\",\"urlTemplate\":\"https:\\\/\\\/www.niclen.de\\\/?s={search_term_string}\"},\"query-input\":{\"@type\":\"PropertyValueSpecification\",\"valueRequired\":true,\"valueName\":\"search_term_string\"}}],\"inLanguage\":\"fr-FR\"},{\"@type\":\"Organization\",\"@id\":\"https:\\\/\\\/www.niclen.de\\\/#organization\",\"name\":\"NicLen GmbH\",\"url\":\"https:\\\/\\\/www.niclen.de\\\/\",\"logo\":{\"@type\":\"ImageObject\",\"inLanguage\":\"fr-FR\",\"@id\":\"https:\\\/\\\/www.niclen.de\\\/#\\\/schema\\\/logo\\\/image\\\/\",\"url\":\"https:\\\/\\\/www.niclen.de\\\/wp-content\\\/uploads\\\/2022\\\/03\\\/Niclen-Logo_1200x1200.png\",\"contentUrl\":\"https:\\\/\\\/www.niclen.de\\\/wp-content\\\/uploads\\\/2022\\\/03\\\/Niclen-Logo_1200x1200.png\",\"width\":1200,\"height\":1200,\"caption\":\"NicLen GmbH\"},\"image\":{\"@id\":\"https:\\\/\\\/www.niclen.de\\\/#\\\/schema\\\/logo\\\/image\\\/\"},\"sameAs\":[\"https:\\\/\\\/www.facebook.com\\\/niclen.dryhire\\\/\",\"https:\\\/\\\/www.instagram.com\\\/niclen_dryhire\\\/\",\"https:\\\/\\\/de.linkedin.com\\\/company\\\/niclen-family\",\"https:\\\/\\\/www.youtube.com\\\/user\\\/beamover\",\"https:\\\/\\\/www.tiktok.com\\\/@niclen_family\"]}]}<\/script>\n<!-- \/ Yoast SEO plugin. -->","yoast_head_json":{"title":"Imprimer - NicLen GmbH","robots":{"index":"index","follow":"follow","max-snippet":"max-snippet:-1","max-image-preview":"max-image-preview:large","max-video-preview":"max-video-preview:-1"},"canonical":"https:\/\/www.niclen.de\/en\/imprint\/","og_locale":"fr_FR","og_type":"article","og_title":"Imprimer - NicLen GmbH","og_description":"NicLen GmbH (NicLen Gesellschaft f\u00fcr Elektronik, Handel und Vermietung mbH, NicLen B.V., NicLen SARL, NicLen Ltd., NicLen CH AG, NicLen Holding GmbH) Direction g\u00e9n\u00e9rale: J\u00f6rg St\u00f6ppler &amp; Jens WetterkampSteinbrinkstra\u00dfe 6144319\u00a0 DortmundAllemagne Mail:\u00a0 dispo@niclen.deWeb:\u00a0 www.niclen.dePhone: +49 231 \/ 999 61 0Fax: +49 231 \/ 999 61 38 NicLen France SARL Karin Janvier 50, rue des ChardonneretsF-93290\u00a0\u00a0Tremblay-en-France [&hellip;]","og_url":"https:\/\/www.niclen.de\/en\/imprint\/","og_site_name":"NicLen GmbH","article_publisher":"https:\/\/www.facebook.com\/niclen.dryhire\/","article_modified_time":"2026-04-13T13:29:00+00:00","twitter_card":"summary_large_image","twitter_misc":{"Dur\u00e9e de lecture estim\u00e9e":"1 minute"},"schema":{"@context":"https:\/\/schema.org","@graph":[{"@type":"WebPage","@id":"https:\/\/www.niclen.de\/en\/imprint\/","url":"https:\/\/www.niclen.de\/en\/imprint\/","name":"Imprimer - NicLen GmbH","isPartOf":{"@id":"https:\/\/www.niclen.de\/#website"},"datePublished":"2021-03-29T16:17:29+00:00","dateModified":"2026-04-13T13:29:00+00:00","breadcrumb":{"@id":"https:\/\/www.niclen.de\/en\/imprint\/#breadcrumb"},"inLanguage":"fr-FR","potentialAction":[{"@type":"ReadAction","target":["https:\/\/www.niclen.de\/en\/imprint\/"]}]},{"@type":"BreadcrumbList","@id":"https:\/\/www.niclen.de\/en\/imprint\/#breadcrumb","itemListElement":[{"@type":"ListItem","position":1,"name":"Startseite","item":"https:\/\/www.niclen.de\/"},{"@type":"ListItem","position":2,"name":"Imprimer"}]},{"@type":"WebSite","@id":"https:\/\/www.niclen.de\/#website","url":"https:\/\/www.niclen.de\/","name":"NicLen GmbH","description":"Licht, Rigging, Audio &amp; Video von einem Partner","publisher":{"@id":"https:\/\/www.niclen.de\/#organization"},"potentialAction":[{"@type":"SearchAction","target":{"@type":"EntryPoint","urlTemplate":"https:\/\/www.niclen.de\/?s={search_term_string}"},"query-input":{"@type":"PropertyValueSpecification","valueRequired":true,"valueName":"search_term_string"}}],"inLanguage":"fr-FR"},{"@type":"Organization","@id":"https:\/\/www.niclen.de\/#organization","name":"NicLen GmbH","url":"https:\/\/www.niclen.de\/","logo":{"@type":"ImageObject","inLanguage":"fr-FR","@id":"https:\/\/www.niclen.de\/#\/schema\/logo\/image\/","url":"https:\/\/www.niclen.de\/wp-content\/uploads\/2022\/03\/Niclen-Logo_1200x1200.png","contentUrl":"https:\/\/www.niclen.de\/wp-content\/uploads\/2022\/03\/Niclen-Logo_1200x1200.png","width":1200,"height":1200,"caption":"NicLen GmbH"},"image":{"@id":"https:\/\/www.niclen.de\/#\/schema\/logo\/image\/"},"sameAs":["https:\/\/www.facebook.com\/niclen.dryhire\/","https:\/\/www.instagram.com\/niclen_dryhire\/","https:\/\/de.linkedin.com\/company\/niclen-family","https:\/\/www.youtube.com\/user\/beamover","https:\/\/www.tiktok.com\/@niclen_family"]}]}},"_links":{"self":[{"href":"https:\/\/www.niclen.de\/fr\/wp-json\/wp\/v2\/pages\/1979","targetHints":{"allow":["GET"]}}],"collection":[{"href":"https:\/\/www.niclen.de\/fr\/wp-json\/wp\/v2\/pages"}],"about":[{"href":"https:\/\/www.niclen.de\/fr\/wp-json\/wp\/v2\/types\/page"}],"author":[{"embeddable":true,"href":"https:\/\/www.niclen.de\/fr\/wp-json\/wp\/v2\/users\/1"}],"replies":[{"embeddable":true,"href":"https:\/\/www.niclen.de\/fr\/wp-json\/wp\/v2\/comments?post=1979"}],"version-history":[{"count":5,"href":"https:\/\/www.niclen.de\/fr\/wp-json\/wp\/v2\/pages\/1979\/revisions"}],"predecessor-version":[{"id":30088,"href":"https:\/\/www.niclen.de\/fr\/wp-json\/wp\/v2\/pages\/1979\/revisions\/30088"}],"wp:attachment":[{"href":"https:\/\/www.niclen.de\/fr\/wp-json\/wp\/v2\/media?parent=1979"}],"curies":[{"name":"wp","href":"https:\/\/api.w.org\/{rel}","templated":true}]}}