{"id":1820,"date":"2021-03-29T10:13:15","date_gmt":"2021-03-29T08:13:15","guid":{"rendered":"https:\/\/www.niclen.de\/?page_id=1820"},"modified":"2026-01-07T12:42:27","modified_gmt":"2026-01-07T11:42:27","slug":"entreprise","status":"publish","type":"page","link":"https:\/\/www.niclen.de\/fr\/entreprise\/","title":{"rendered":"Entreprise"},"content":{"rendered":"<h1>AU SUJET DE NOTRE COMPAGNIE<\/h1>\n<p>Nous proposons des solutions individualis\u00e9es et adapt\u00e9es aux professionnels de la prestation technique dans l\u2019\u00e9v\u00e9nementiel.<\/p>\n<p>Nous sommes \u00e0 vos c\u00f4t\u00e9s lors de l\u2019\u00e9valuation de vos besoins et restons \u00e0 votre disposition pour l\u2019expertise technique, l\u2019utilisation du mat\u00e9riel et l\u2019ensemble de la logistique.<\/p>\n<p>Vous b\u00e9n\u00e9ficiez du volume et de la diversit\u00e9 de notre stock, de notre exp\u00e9rience au niveau europ\u00e9en et de notre flexibilit\u00e9.<\/p>\n<p>Notre exigence de qualit\u00e9 et le contr\u00f4le permanent de notre mat\u00e9riel vous garantissent la fiabilit\u00e9 et la s\u00e9curit\u00e9 n\u00e9cessaires \u00e0 la r\u00e9alisation de votre projet.&nbsp;<\/p>\n<h3><a href=\"https:\/\/www.niclen.de\/fr\/portefeuille-de-produits\/\" target=\"_blank\">Location<\/a><\/h3>\n<h3><a href=\"https:\/\/rudideluxe.de\/en\" target=\"_blank\">Mat\u00e9riel d\u2018occasion<\/a><\/h3>\n<h3><a href=\"https:\/\/www.niclen.de\/fr\/telechargements\/\">telechargements<\/a><\/h3>\n<h4> NicLen Family<\/h4>\n<p>\t\t\t\t\t\t\t\t\t\t\t\t\t\t\t\t<a href=\"https:\/\/www.niclen.de\/en\/\" target=\"_blank\"><br \/>\n\t\t\t\t\t\t\t<img fetchpriority=\"high\" decoding=\"async\" width=\"800\" height=\"110\" src=\"https:\/\/www.niclen.de\/wp-content\/uploads\/2022\/02\/logo_niclen-1024x141-1.png\" alt=\"niclen logo\" srcset=\"https:\/\/www.niclen.de\/wp-content\/uploads\/2022\/02\/logo_niclen-1024x141-1.png 1024w, https:\/\/www.niclen.de\/wp-content\/uploads\/2022\/02\/logo_niclen-1024x141-1-300x41.png 300w, https:\/\/www.niclen.de\/wp-content\/uploads\/2022\/02\/logo_niclen-1024x141-1-768x106.png 768w\" sizes=\"(max-width: 800px) 100vw, 800px\" \/>\t\t\t\t\t\t\t\t<\/a><br \/>\n\t\t\t\t\t\t\t\t\t\t\t\t\t\t\t\t<a href=\"https:\/\/publitec.tv\/en\/homepage\/\" target=\"_blank\"><br \/>\n\t\t\t\t\t\t\t<img decoding=\"async\" width=\"800\" height=\"132\" src=\"https:\/\/www.niclen.de\/wp-content\/uploads\/2022\/02\/Logo_publitec-Schrift-schwarz_transparent-1024x169.png\" alt=\"\" srcset=\"https:\/\/www.niclen.de\/wp-content\/uploads\/2022\/02\/Logo_publitec-Schrift-schwarz_transparent-1024x169.png 1024w, https:\/\/www.niclen.de\/wp-content\/uploads\/2022\/02\/Logo_publitec-Schrift-schwarz_transparent-300x49.png 300w, https:\/\/www.niclen.de\/wp-content\/uploads\/2022\/02\/Logo_publitec-Schrift-schwarz_transparent-768x127.png 768w, https:\/\/www.niclen.de\/wp-content\/uploads\/2022\/02\/Logo_publitec-Schrift-schwarz_transparent-1536x253.png 1536w, https:\/\/www.niclen.de\/wp-content\/uploads\/2022\/02\/Logo_publitec-Schrift-schwarz_transparent.png 1578w\" sizes=\"(max-width: 800px) 100vw, 800px\" \/>\t\t\t\t\t\t\t\t<\/a><br \/>\n\t\t\t\t\t\t\t\t\t\t\t\t\t\t\t\t<a href=\"https:\/\/rudideluxe.de\/en\/\" target=\"_blank\"><br \/>\n\t\t\t\t\t\t\t<img decoding=\"async\" width=\"362\" height=\"329\" src=\"https:\/\/www.niclen.de\/wp-content\/uploads\/2021\/03\/Rudideluxe.png\" alt=\"Logo Rudi Deluxe\" srcset=\"https:\/\/www.niclen.de\/wp-content\/uploads\/2021\/03\/Rudideluxe.png 362w, https:\/\/www.niclen.de\/wp-content\/uploads\/2021\/03\/Rudideluxe-300x273.png 300w\" sizes=\"(max-width: 362px) 100vw, 362px\" \/>\t\t\t\t\t\t\t\t<\/a><br \/>\n\t\t\t\t\t\t\t\t\t\t\t\t\t\t\t\t<a href=\"https:\/\/www.tecaid.tv\/en\/home\/\" target=\"_blank\"><br \/>\n\t\t\t\t\t\t\t<img loading=\"lazy\" decoding=\"async\" width=\"466\" height=\"314\" src=\"https:\/\/www.niclen.de\/wp-content\/uploads\/2021\/03\/tecaid.png\" alt=\"\" srcset=\"https:\/\/www.niclen.de\/wp-content\/uploads\/2021\/03\/tecaid.png 466w, https:\/\/www.niclen.de\/wp-content\/uploads\/2021\/03\/tecaid-300x202.png 300w\" sizes=\"(max-width: 466px) 100vw, 466px\" \/>\t\t\t\t\t\t\t\t<\/a><br \/>\n\t\t\t\t\t\t\t\t\t\t\t\t\t\t\t\t<a href=\"https:\/\/www.niclen.de\/prime-logistics\/\" target=\"_blank\"><br \/>\n\t\t\t\t\t\t\t<img loading=\"lazy\" decoding=\"async\" width=\"800\" height=\"286\" src=\"https:\/\/www.niclen.de\/wp-content\/uploads\/2023\/04\/Prime-Logistics-Logo-rgb-1024x366.png\" alt=\"\" srcset=\"https:\/\/www.niclen.de\/wp-content\/uploads\/2023\/04\/Prime-Logistics-Logo-rgb-1024x366.png 1024w, https:\/\/www.niclen.de\/wp-content\/uploads\/2023\/04\/Prime-Logistics-Logo-rgb-300x107.png 300w, https:\/\/www.niclen.de\/wp-content\/uploads\/2023\/04\/Prime-Logistics-Logo-rgb-768x275.png 768w, https:\/\/www.niclen.de\/wp-content\/uploads\/2023\/04\/Prime-Logistics-Logo-rgb-1536x550.png 1536w, https:\/\/www.niclen.de\/wp-content\/uploads\/2023\/04\/Prime-Logistics-Logo-rgb.png 1917w\" sizes=\"(max-width: 800px) 100vw, 800px\" \/>\t\t\t\t\t\t\t\t<\/a><\/p>\n","protected":false},"excerpt":{"rendered":"<p>AU SUJET DE NOTRE COMPAGNIE Nous proposons des solutions individualis\u00e9es et adapt\u00e9es aux professionnels de la prestation technique dans l\u2019\u00e9v\u00e9nementiel. Nous sommes \u00e0 vos c\u00f4t\u00e9s lors de l\u2019\u00e9valuation de vos besoins et restons \u00e0 votre disposition pour l\u2019expertise technique, l\u2019utilisation du mat\u00e9riel et l\u2019ensemble de la logistique. Vous b\u00e9n\u00e9ficiez du volume et de la diversit\u00e9 [&hellip;]<\/p>\n","protected":false},"author":1,"featured_media":17127,"parent":0,"menu_order":0,"comment_status":"closed","ping_status":"closed","template":"","meta":{"_acf_changed":false,"footnotes":""},"class_list":["post-1820","page","type-page","status-publish","has-post-thumbnail","hentry"],"acf":[],"yoast_head":"<!-- This site is optimized with the Yoast SEO plugin v27.1.1 - https:\/\/yoast.com\/product\/yoast-seo-wordpress\/ -->\n<title>Entreprise - NicLen GmbH<\/title>\n<meta name=\"robots\" content=\"index, follow, max-snippet:-1, max-image-preview:large, max-video-preview:-1\" \/>\n<link rel=\"canonical\" href=\"https:\/\/www.niclen.de\/fr\/entreprise\/\" \/>\n<meta property=\"og:locale\" content=\"fr_FR\" \/>\n<meta property=\"og:type\" content=\"article\" \/>\n<meta property=\"og:title\" content=\"Entreprise - NicLen GmbH\" \/>\n<meta property=\"og:description\" content=\"AU SUJET DE NOTRE COMPAGNIE Nous proposons des solutions individualis\u00e9es et adapt\u00e9es aux professionnels de la prestation technique dans l\u2019\u00e9v\u00e9nementiel. Nous sommes \u00e0 vos c\u00f4t\u00e9s lors de l\u2019\u00e9valuation de vos besoins et restons \u00e0 votre disposition pour l\u2019expertise technique, l\u2019utilisation du mat\u00e9riel et l\u2019ensemble de la logistique. Vous b\u00e9n\u00e9ficiez du volume et de la diversit\u00e9 [&hellip;]\" \/>\n<meta property=\"og:url\" content=\"https:\/\/www.niclen.de\/fr\/entreprise\/\" \/>\n<meta property=\"og:site_name\" content=\"NicLen GmbH\" \/>\n<meta property=\"article:modified_time\" content=\"2026-01-07T11:42:27+00:00\" \/>\n<meta property=\"og:image\" content=\"https:\/\/www.niclen.de\/wp-content\/uploads\/2024\/08\/Bild_LinkedIn_VA.jpg\" \/>\n\t<meta property=\"og:image:width\" content=\"1920\" \/>\n\t<meta property=\"og:image:height\" content=\"1080\" \/>\n\t<meta property=\"og:image:type\" content=\"image\/jpeg\" \/>\n<meta name=\"twitter:card\" content=\"summary_large_image\" \/>\n<meta name=\"twitter:label1\" content=\"Dur\u00e9e de lecture estim\u00e9e\" \/>\n\t<meta name=\"twitter:data1\" content=\"2 minutes\" \/>\n<script type=\"application\/ld+json\" class=\"yoast-schema-graph\">{\"@context\":\"https:\/\/schema.org\",\"@graph\":[{\"@type\":\"WebPage\",\"@id\":\"https:\/\/www.niclen.de\/fr\/entreprise\/\",\"url\":\"https:\/\/www.niclen.de\/fr\/entreprise\/\",\"name\":\"Entreprise - NicLen GmbH\",\"isPartOf\":{\"@id\":\"https:\/\/www.niclen.de\/#website\"},\"primaryImageOfPage\":{\"@id\":\"https:\/\/www.niclen.de\/fr\/entreprise\/#primaryimage\"},\"image\":{\"@id\":\"https:\/\/www.niclen.de\/fr\/entreprise\/#primaryimage\"},\"thumbnailUrl\":\"https:\/\/www.niclen.de\/wp-content\/uploads\/2024\/08\/Bild_LinkedIn_VA.jpg\",\"datePublished\":\"2021-03-29T08:13:15+00:00\",\"dateModified\":\"2026-01-07T11:42:27+00:00\",\"breadcrumb\":{\"@id\":\"https:\/\/www.niclen.de\/fr\/entreprise\/#breadcrumb\"},\"inLanguage\":\"fr-FR\",\"potentialAction\":[{\"@type\":\"ReadAction\",\"target\":[\"https:\/\/www.niclen.de\/fr\/entreprise\/\"]}]},{\"@type\":\"ImageObject\",\"inLanguage\":\"fr-FR\",\"@id\":\"https:\/\/www.niclen.de\/fr\/entreprise\/#primaryimage\",\"url\":\"https:\/\/www.niclen.de\/wp-content\/uploads\/2024\/08\/Bild_LinkedIn_VA.jpg\",\"contentUrl\":\"https:\/\/www.niclen.de\/wp-content\/uploads\/2024\/08\/Bild_LinkedIn_VA.jpg\",\"width\":1920,\"height\":1080},{\"@type\":\"BreadcrumbList\",\"@id\":\"https:\/\/www.niclen.de\/fr\/entreprise\/#breadcrumb\",\"itemListElement\":[{\"@type\":\"ListItem\",\"position\":1,\"name\":\"Startseite\",\"item\":\"https:\/\/www.niclen.de\/\"},{\"@type\":\"ListItem\",\"position\":2,\"name\":\"Entreprise\"}]},{\"@type\":\"WebSite\",\"@id\":\"https:\/\/www.niclen.de\/#website\",\"url\":\"https:\/\/www.niclen.de\/\",\"name\":\"NicLen GmbH\",\"description\":\"Licht, Rigging, Audio &amp; Video von einem Partner\",\"potentialAction\":[{\"@type\":\"SearchAction\",\"target\":{\"@type\":\"EntryPoint\",\"urlTemplate\":\"https:\/\/www.niclen.de\/?s={search_term_string}\"},\"query-input\":{\"@type\":\"PropertyValueSpecification\",\"valueRequired\":true,\"valueName\":\"search_term_string\"}}],\"inLanguage\":\"fr-FR\"}]}<\/script>\n<!-- \/ Yoast SEO plugin. -->","yoast_head_json":{"title":"Entreprise - NicLen GmbH","robots":{"index":"index","follow":"follow","max-snippet":"max-snippet:-1","max-image-preview":"max-image-preview:large","max-video-preview":"max-video-preview:-1"},"canonical":"https:\/\/www.niclen.de\/fr\/entreprise\/","og_locale":"fr_FR","og_type":"article","og_title":"Entreprise - NicLen GmbH","og_description":"AU SUJET DE NOTRE COMPAGNIE Nous proposons des solutions individualis\u00e9es et adapt\u00e9es aux professionnels de la prestation technique dans l\u2019\u00e9v\u00e9nementiel. Nous sommes \u00e0 vos c\u00f4t\u00e9s lors de l\u2019\u00e9valuation de vos besoins et restons \u00e0 votre disposition pour l\u2019expertise technique, l\u2019utilisation du mat\u00e9riel et l\u2019ensemble de la logistique. Vous b\u00e9n\u00e9ficiez du volume et de la diversit\u00e9 [&hellip;]","og_url":"https:\/\/www.niclen.de\/fr\/entreprise\/","og_site_name":"NicLen GmbH","article_modified_time":"2026-01-07T11:42:27+00:00","og_image":[{"width":1920,"height":1080,"url":"https:\/\/www.niclen.de\/wp-content\/uploads\/2024\/08\/Bild_LinkedIn_VA.jpg","type":"image\/jpeg"}],"twitter_card":"summary_large_image","twitter_misc":{"Dur\u00e9e de lecture estim\u00e9e":"2 minutes"},"schema":{"@context":"https:\/\/schema.org","@graph":[{"@type":"WebPage","@id":"https:\/\/www.niclen.de\/fr\/entreprise\/","url":"https:\/\/www.niclen.de\/fr\/entreprise\/","name":"Entreprise - NicLen GmbH","isPartOf":{"@id":"https:\/\/www.niclen.de\/#website"},"primaryImageOfPage":{"@id":"https:\/\/www.niclen.de\/fr\/entreprise\/#primaryimage"},"image":{"@id":"https:\/\/www.niclen.de\/fr\/entreprise\/#primaryimage"},"thumbnailUrl":"https:\/\/www.niclen.de\/wp-content\/uploads\/2024\/08\/Bild_LinkedIn_VA.jpg","datePublished":"2021-03-29T08:13:15+00:00","dateModified":"2026-01-07T11:42:27+00:00","breadcrumb":{"@id":"https:\/\/www.niclen.de\/fr\/entreprise\/#breadcrumb"},"inLanguage":"fr-FR","potentialAction":[{"@type":"ReadAction","target":["https:\/\/www.niclen.de\/fr\/entreprise\/"]}]},{"@type":"ImageObject","inLanguage":"fr-FR","@id":"https:\/\/www.niclen.de\/fr\/entreprise\/#primaryimage","url":"https:\/\/www.niclen.de\/wp-content\/uploads\/2024\/08\/Bild_LinkedIn_VA.jpg","contentUrl":"https:\/\/www.niclen.de\/wp-content\/uploads\/2024\/08\/Bild_LinkedIn_VA.jpg","width":1920,"height":1080},{"@type":"BreadcrumbList","@id":"https:\/\/www.niclen.de\/fr\/entreprise\/#breadcrumb","itemListElement":[{"@type":"ListItem","position":1,"name":"Startseite","item":"https:\/\/www.niclen.de\/"},{"@type":"ListItem","position":2,"name":"Entreprise"}]},{"@type":"WebSite","@id":"https:\/\/www.niclen.de\/#website","url":"https:\/\/www.niclen.de\/","name":"NicLen GmbH","description":"Licht, Rigging, Audio &amp; Video von einem Partner","potentialAction":[{"@type":"SearchAction","target":{"@type":"EntryPoint","urlTemplate":"https:\/\/www.niclen.de\/?s={search_term_string}"},"query-input":{"@type":"PropertyValueSpecification","valueRequired":true,"valueName":"search_term_string"}}],"inLanguage":"fr-FR"}]}},"_links":{"self":[{"href":"https:\/\/www.niclen.de\/fr\/wp-json\/wp\/v2\/pages\/1820","targetHints":{"allow":["GET"]}}],"collection":[{"href":"https:\/\/www.niclen.de\/fr\/wp-json\/wp\/v2\/pages"}],"about":[{"href":"https:\/\/www.niclen.de\/fr\/wp-json\/wp\/v2\/types\/page"}],"author":[{"embeddable":true,"href":"https:\/\/www.niclen.de\/fr\/wp-json\/wp\/v2\/users\/1"}],"replies":[{"embeddable":true,"href":"https:\/\/www.niclen.de\/fr\/wp-json\/wp\/v2\/comments?post=1820"}],"version-history":[{"count":5,"href":"https:\/\/www.niclen.de\/fr\/wp-json\/wp\/v2\/pages\/1820\/revisions"}],"predecessor-version":[{"id":24909,"href":"https:\/\/www.niclen.de\/fr\/wp-json\/wp\/v2\/pages\/1820\/revisions\/24909"}],"wp:featuredmedia":[{"embeddable":true,"href":"https:\/\/www.niclen.de\/fr\/wp-json\/wp\/v2\/media\/17127"}],"wp:attachment":[{"href":"https:\/\/www.niclen.de\/fr\/wp-json\/wp\/v2\/media?parent=1820"}],"curies":[{"name":"wp","href":"https:\/\/api.w.org\/{rel}","templated":true}]}}