{"id":1974,"date":"2021-03-29T18:12:33","date_gmt":"2021-03-29T16:12:33","guid":{"rendered":"https:\/\/www.niclen.de\/?page_id=1974"},"modified":"2026-04-15T10:00:29","modified_gmt":"2026-04-15T08:00:29","slug":"imprint","status":"publish","type":"page","link":"https:\/\/www.niclen.de\/en\/imprint\/","title":{"rendered":"Imprint"},"content":{"rendered":"\t\t<div data-elementor-type=\"wp-page\" data-elementor-id=\"1974\" class=\"elementor elementor-1974 elementor-1434\" data-elementor-settings=\"{&quot;ha_cmc_init_switcher&quot;:&quot;no&quot;}\" data-elementor-post-type=\"page\">\n\t\t\t\t\t\t<section class=\"elementor-section elementor-top-section elementor-element elementor-element-ef05743 elementor-section-boxed elementor-section-height-default elementor-section-height-default\" data-id=\"ef05743\" data-element_type=\"section\" data-e-type=\"section\" data-settings=\"{&quot;_ha_eqh_enable&quot;:false}\">\n\t\t\t\t\t\t<div class=\"elementor-container elementor-column-gap-default\">\n\t\t\t\t\t<div class=\"elementor-column elementor-col-100 elementor-top-column elementor-element elementor-element-7885960\" data-id=\"7885960\" data-element_type=\"column\" data-e-type=\"column\">\n\t\t\t<div class=\"elementor-widget-wrap elementor-element-populated\">\n\t\t\t\t\t\t<div class=\"elementor-element elementor-element-59ebe74 elementor-widget elementor-widget-heading\" data-id=\"59ebe74\" data-element_type=\"widget\" data-e-type=\"widget\" data-widget_type=\"heading.default\">\n\t\t\t\t<div class=\"elementor-widget-container\">\n\t\t\t\t\t<h2 class=\"elementor-heading-title elementor-size-default\">NicLen GmbH\n<br>\n(NicLen Gesellschaft f\u00fcr Elektronik, Handel und Vermietung mbH,<br> NicLen B.V., NicLen SARL, NicLen Ltd., NicLen CH AG, NicLen Holding GmbH)<\/h2>\t\t\t\t<\/div>\n\t\t\t\t<\/div>\n\t\t\t\t<div class=\"elementor-element elementor-element-2b9c038 elementor-widget elementor-widget-text-editor\" data-id=\"2b9c038\" data-element_type=\"widget\" data-e-type=\"widget\" data-widget_type=\"text-editor.default\">\n\t\t\t\t<div class=\"elementor-widget-container\">\n\t\t\t\t\t\t\t\t\t<p>General Managers: J\u00f6rg St\u00f6ppler &amp; Jens Wetterkamp<br \/>Steinbrinkstra\u00dfe 61<br \/>44319\u00a0 Dortmund<br \/>Germany<\/p><p>Mail:\u00a0 <a href=\"mailto:dispo@niclen.de\">dispo@niclen.de<\/a><br \/>Web:\u00a0 <strong>www.niclen.de<\/strong><br \/>Phone: +49 231 \/ 999 61 0<br \/>Fax: +49 231 \/ 999 61 38<\/p><p>VAT number: DE155852786<br \/>HRB 24618 Amtsgericht Dortmund<\/p><p><strong>Journalistic\/editorial content<\/strong><\/p><p>Party responsible for content in accordance with sect. 18 Abs. 2 MStV J\u00f6rg St\u00f6ppler &amp; Jens Wetterkamp (General Manager \u2013 contact: marketing@niclen.de).<\/p><p><strong>The imprint also applies to the following social media profiles<\/strong><\/p><p>Instagram:\u00a0<a href=\"https:\/\/www.instagram.com\/niclen_uk\/\">https:\/\/www.instagram.com\/niclen_uk\/<\/a><br \/>Facebook: <a href=\"https:\/\/www.facebook.com\/NicLenUK\/\">https:\/\/www.facebook.com\/NicLenUK\/<\/a><br \/>LinkedIn:\u00a0<a href=\"https:\/\/uk.linkedin.com\/company\/niclen-uk-ltd\">https:\/\/uk.linkedin.com\/company\/niclen-uk-ltd<\/a><\/p><p><strong>Links<\/strong><\/p><p>On our Internet pages you will also find links to other sites on the Internet. We would like to point out that we have no influence with regard to the design and content of the linked sites. Therefore, we cannot guarantee the correctness, completeness or quality of the information provided there, nor can we guarantee that it is up to date. Taking this into account, we hereby dissociate ourselves from all content found on these pages. This statement applies to all links to external pages and their contents which are contained on our Internet pages.<\/p><p><strong>Copyright<\/strong><\/p><p>\u00a9 NicLen Gesellschaft f\u00fcr Elektronik, Handel und Vermietung mbH, 2026<\/p><h1>NicLen + Publitec UK LTD.\u00a0<\/h1><p class=\"x_MsoNormal\" data-olk-copy-source=\"MessageBody\">Managing Director: G\u00f6khan \u00d6cal<\/p><p>Crest Distribution Park,<br \/>Crest Road,<br \/>High Wycombe,<br \/>Buckinghamshire, HP11 1WT<\/p><p>Company number <strong>16784068<\/strong><\/p><p>Phone: +44 1844 617083<br \/>E-Mail: <a href=\"mailto:info@niclen.uk\">info@niclen.uk<\/a><\/p><p>Concept and implementation:<br \/>camalot<br \/>Iserlohn, Germany<\/p>\t\t\t\t\t\t\t\t<\/div>\n\t\t\t\t<\/div>\n\t\t\t\t\t<\/div>\n\t\t<\/div>\n\t\t\t\t\t<\/div>\n\t\t<\/section>\n\t\t\t\t<\/div>\n\t\t","protected":false},"excerpt":{"rendered":"<p>NicLen GmbH (NicLen Gesellschaft f\u00fcr Elektronik, Handel und Vermietung mbH, NicLen B.V., NicLen SARL, NicLen Ltd., NicLen CH AG, NicLen Holding GmbH) General Managers: J\u00f6rg St\u00f6ppler &amp; Jens WetterkampSteinbrinkstra\u00dfe 6144319\u00a0 DortmundGermany Mail:\u00a0 dispo@niclen.deWeb:\u00a0 www.niclen.dePhone: +49 231 \/ 999 61 0Fax: +49 231 \/ 999 61 38 VAT number: DE155852786HRB 24618 Amtsgericht Dortmund Journalistic\/editorial content Party [&hellip;]<\/p>\n","protected":false},"author":1,"featured_media":0,"parent":0,"menu_order":0,"comment_status":"closed","ping_status":"closed","template":"","meta":{"_acf_changed":false,"footnotes":""},"class_list":["post-1974","page","type-page","status-publish","hentry"],"acf":[],"yoast_head":"<!-- This site is optimized with the Yoast SEO plugin v27.4 - https:\/\/yoast.com\/product\/yoast-seo-wordpress\/ -->\n<title>Imprint - NicLen GmbH<\/title>\n<meta name=\"robots\" content=\"index, follow, max-snippet:-1, max-image-preview:large, max-video-preview:-1\" \/>\n<link rel=\"canonical\" href=\"https:\/\/www.niclen.de\/en\/imprint\/\" \/>\n<meta property=\"og:locale\" content=\"en_US\" \/>\n<meta property=\"og:type\" content=\"article\" \/>\n<meta property=\"og:title\" content=\"Imprint - NicLen GmbH\" \/>\n<meta property=\"og:description\" content=\"NicLen GmbH (NicLen Gesellschaft f\u00fcr Elektronik, Handel und Vermietung mbH, NicLen B.V., NicLen SARL, NicLen Ltd., NicLen CH AG, NicLen Holding GmbH) General Managers: J\u00f6rg St\u00f6ppler &amp; Jens WetterkampSteinbrinkstra\u00dfe 6144319\u00a0 DortmundGermany Mail:\u00a0 dispo@niclen.deWeb:\u00a0 www.niclen.dePhone: +49 231 \/ 999 61 0Fax: +49 231 \/ 999 61 38 VAT number: DE155852786HRB 24618 Amtsgericht Dortmund Journalistic\/editorial content Party [&hellip;]\" \/>\n<meta property=\"og:url\" content=\"https:\/\/www.niclen.de\/en\/imprint\/\" \/>\n<meta property=\"og:site_name\" content=\"NicLen GmbH\" \/>\n<meta property=\"article:publisher\" content=\"https:\/\/www.facebook.com\/niclen.dryhire\/\" \/>\n<meta property=\"article:modified_time\" content=\"2026-04-15T08:00:29+00:00\" \/>\n<meta name=\"twitter:card\" content=\"summary_large_image\" \/>\n<meta name=\"twitter:label1\" content=\"Est. reading time\" \/>\n\t<meta name=\"twitter:data1\" content=\"2 minutes\" \/>\n<script type=\"application\/ld+json\" class=\"yoast-schema-graph\">{\"@context\":\"https:\\\/\\\/schema.org\",\"@graph\":[{\"@type\":\"WebPage\",\"@id\":\"https:\\\/\\\/www.niclen.de\\\/en\\\/imprint\\\/\",\"url\":\"https:\\\/\\\/www.niclen.de\\\/en\\\/imprint\\\/\",\"name\":\"Imprint - NicLen GmbH\",\"isPartOf\":{\"@id\":\"https:\\\/\\\/www.niclen.de\\\/#website\"},\"datePublished\":\"2021-03-29T16:12:33+00:00\",\"dateModified\":\"2026-04-15T08:00:29+00:00\",\"breadcrumb\":{\"@id\":\"https:\\\/\\\/www.niclen.de\\\/en\\\/imprint\\\/#breadcrumb\"},\"inLanguage\":\"en-US\",\"potentialAction\":[{\"@type\":\"ReadAction\",\"target\":[\"https:\\\/\\\/www.niclen.de\\\/en\\\/imprint\\\/\"]}]},{\"@type\":\"BreadcrumbList\",\"@id\":\"https:\\\/\\\/www.niclen.de\\\/en\\\/imprint\\\/#breadcrumb\",\"itemListElement\":[{\"@type\":\"ListItem\",\"position\":1,\"name\":\"Startseite\",\"item\":\"https:\\\/\\\/www.niclen.de\\\/en\\\/\"},{\"@type\":\"ListItem\",\"position\":2,\"name\":\"Imprint\"}]},{\"@type\":\"WebSite\",\"@id\":\"https:\\\/\\\/www.niclen.de\\\/#website\",\"url\":\"https:\\\/\\\/www.niclen.de\\\/\",\"name\":\"NicLen GmbH\",\"description\":\"Licht, Rigging, Audio &amp; Video von einem Partner\",\"publisher\":{\"@id\":\"https:\\\/\\\/www.niclen.de\\\/#organization\"},\"potentialAction\":[{\"@type\":\"SearchAction\",\"target\":{\"@type\":\"EntryPoint\",\"urlTemplate\":\"https:\\\/\\\/www.niclen.de\\\/?s={search_term_string}\"},\"query-input\":{\"@type\":\"PropertyValueSpecification\",\"valueRequired\":true,\"valueName\":\"search_term_string\"}}],\"inLanguage\":\"en-US\"},{\"@type\":\"Organization\",\"@id\":\"https:\\\/\\\/www.niclen.de\\\/#organization\",\"name\":\"NicLen GmbH\",\"url\":\"https:\\\/\\\/www.niclen.de\\\/\",\"logo\":{\"@type\":\"ImageObject\",\"inLanguage\":\"en-US\",\"@id\":\"https:\\\/\\\/www.niclen.de\\\/#\\\/schema\\\/logo\\\/image\\\/\",\"url\":\"https:\\\/\\\/www.niclen.de\\\/wp-content\\\/uploads\\\/2022\\\/03\\\/Niclen-Logo_1200x1200.png\",\"contentUrl\":\"https:\\\/\\\/www.niclen.de\\\/wp-content\\\/uploads\\\/2022\\\/03\\\/Niclen-Logo_1200x1200.png\",\"width\":1200,\"height\":1200,\"caption\":\"NicLen GmbH\"},\"image\":{\"@id\":\"https:\\\/\\\/www.niclen.de\\\/#\\\/schema\\\/logo\\\/image\\\/\"},\"sameAs\":[\"https:\\\/\\\/www.facebook.com\\\/niclen.dryhire\\\/\",\"https:\\\/\\\/www.instagram.com\\\/niclen_dryhire\\\/\",\"https:\\\/\\\/de.linkedin.com\\\/company\\\/niclen-family\",\"https:\\\/\\\/www.youtube.com\\\/user\\\/beamover\",\"https:\\\/\\\/www.tiktok.com\\\/@niclen_family\"]}]}<\/script>\n<!-- \/ Yoast SEO plugin. -->","yoast_head_json":{"title":"Imprint - NicLen GmbH","robots":{"index":"index","follow":"follow","max-snippet":"max-snippet:-1","max-image-preview":"max-image-preview:large","max-video-preview":"max-video-preview:-1"},"canonical":"https:\/\/www.niclen.de\/en\/imprint\/","og_locale":"en_US","og_type":"article","og_title":"Imprint - NicLen GmbH","og_description":"NicLen GmbH (NicLen Gesellschaft f\u00fcr Elektronik, Handel und Vermietung mbH, NicLen B.V., NicLen SARL, NicLen Ltd., NicLen CH AG, NicLen Holding GmbH) General Managers: J\u00f6rg St\u00f6ppler &amp; Jens WetterkampSteinbrinkstra\u00dfe 6144319\u00a0 DortmundGermany Mail:\u00a0 dispo@niclen.deWeb:\u00a0 www.niclen.dePhone: +49 231 \/ 999 61 0Fax: +49 231 \/ 999 61 38 VAT number: DE155852786HRB 24618 Amtsgericht Dortmund Journalistic\/editorial content Party [&hellip;]","og_url":"https:\/\/www.niclen.de\/en\/imprint\/","og_site_name":"NicLen GmbH","article_publisher":"https:\/\/www.facebook.com\/niclen.dryhire\/","article_modified_time":"2026-04-15T08:00:29+00:00","twitter_card":"summary_large_image","twitter_misc":{"Est. reading time":"2 minutes"},"schema":{"@context":"https:\/\/schema.org","@graph":[{"@type":"WebPage","@id":"https:\/\/www.niclen.de\/en\/imprint\/","url":"https:\/\/www.niclen.de\/en\/imprint\/","name":"Imprint - NicLen GmbH","isPartOf":{"@id":"https:\/\/www.niclen.de\/#website"},"datePublished":"2021-03-29T16:12:33+00:00","dateModified":"2026-04-15T08:00:29+00:00","breadcrumb":{"@id":"https:\/\/www.niclen.de\/en\/imprint\/#breadcrumb"},"inLanguage":"en-US","potentialAction":[{"@type":"ReadAction","target":["https:\/\/www.niclen.de\/en\/imprint\/"]}]},{"@type":"BreadcrumbList","@id":"https:\/\/www.niclen.de\/en\/imprint\/#breadcrumb","itemListElement":[{"@type":"ListItem","position":1,"name":"Startseite","item":"https:\/\/www.niclen.de\/en\/"},{"@type":"ListItem","position":2,"name":"Imprint"}]},{"@type":"WebSite","@id":"https:\/\/www.niclen.de\/#website","url":"https:\/\/www.niclen.de\/","name":"NicLen GmbH","description":"Licht, Rigging, Audio &amp; Video von einem Partner","publisher":{"@id":"https:\/\/www.niclen.de\/#organization"},"potentialAction":[{"@type":"SearchAction","target":{"@type":"EntryPoint","urlTemplate":"https:\/\/www.niclen.de\/?s={search_term_string}"},"query-input":{"@type":"PropertyValueSpecification","valueRequired":true,"valueName":"search_term_string"}}],"inLanguage":"en-US"},{"@type":"Organization","@id":"https:\/\/www.niclen.de\/#organization","name":"NicLen GmbH","url":"https:\/\/www.niclen.de\/","logo":{"@type":"ImageObject","inLanguage":"en-US","@id":"https:\/\/www.niclen.de\/#\/schema\/logo\/image\/","url":"https:\/\/www.niclen.de\/wp-content\/uploads\/2022\/03\/Niclen-Logo_1200x1200.png","contentUrl":"https:\/\/www.niclen.de\/wp-content\/uploads\/2022\/03\/Niclen-Logo_1200x1200.png","width":1200,"height":1200,"caption":"NicLen GmbH"},"image":{"@id":"https:\/\/www.niclen.de\/#\/schema\/logo\/image\/"},"sameAs":["https:\/\/www.facebook.com\/niclen.dryhire\/","https:\/\/www.instagram.com\/niclen_dryhire\/","https:\/\/de.linkedin.com\/company\/niclen-family","https:\/\/www.youtube.com\/user\/beamover","https:\/\/www.tiktok.com\/@niclen_family"]}]}},"_links":{"self":[{"href":"https:\/\/www.niclen.de\/en\/wp-json\/wp\/v2\/pages\/1974","targetHints":{"allow":["GET"]}}],"collection":[{"href":"https:\/\/www.niclen.de\/en\/wp-json\/wp\/v2\/pages"}],"about":[{"href":"https:\/\/www.niclen.de\/en\/wp-json\/wp\/v2\/types\/page"}],"author":[{"embeddable":true,"href":"https:\/\/www.niclen.de\/en\/wp-json\/wp\/v2\/users\/1"}],"replies":[{"embeddable":true,"href":"https:\/\/www.niclen.de\/en\/wp-json\/wp\/v2\/comments?post=1974"}],"version-history":[{"count":5,"href":"https:\/\/www.niclen.de\/en\/wp-json\/wp\/v2\/pages\/1974\/revisions"}],"predecessor-version":[{"id":30274,"href":"https:\/\/www.niclen.de\/en\/wp-json\/wp\/v2\/pages\/1974\/revisions\/30274"}],"wp:attachment":[{"href":"https:\/\/www.niclen.de\/en\/wp-json\/wp\/v2\/media?parent=1974"}],"curies":[{"name":"wp","href":"https:\/\/api.w.org\/{rel}","templated":true}]}}