{"id":11608,"date":"2021-02-28T21:27:15","date_gmt":"2021-02-28T20:27:15","guid":{"rendered":"https:\/\/www.niclen.de\/unternehmen\/"},"modified":"2026-01-07T12:34:12","modified_gmt":"2026-01-07T11:34:12","slug":"unternehmen","status":"publish","type":"page","link":"https:\/\/www.niclen.de\/ch\/unternehmen\/","title":{"rendered":"Unternehmen"},"content":{"rendered":"\t\t<div data-elementor-type=\"wp-page\" data-elementor-id=\"11608\" class=\"elementor elementor-11608 elementor-183\" data-elementor-settings=\"{&quot;ha_cmc_init_switcher&quot;:&quot;no&quot;}\" data-elementor-post-type=\"page\">\n\t\t\t\t\t\t<section class=\"elementor-section elementor-top-section elementor-element elementor-element-ab305d5 elementor-section-boxed elementor-section-height-default elementor-section-height-default\" data-id=\"ab305d5\" data-element_type=\"section\" data-e-type=\"section\" data-settings=\"{&quot;_ha_eqh_enable&quot;:false}\">\n\t\t\t\t\t\t<div class=\"elementor-container elementor-column-gap-default\">\n\t\t\t\t\t<div class=\"elementor-column elementor-col-100 elementor-top-column elementor-element elementor-element-005bba8\" data-id=\"005bba8\" data-element_type=\"column\" data-e-type=\"column\" data-settings=\"{&quot;background_background&quot;:&quot;classic&quot;}\">\n\t\t\t<div class=\"elementor-widget-wrap elementor-element-populated\">\n\t\t\t\t\t<div class=\"elementor-background-overlay\"><\/div>\n\t\t\t\t\t\t<section class=\"elementor-section elementor-inner-section elementor-element elementor-element-7ff0ac7 elementor-section-boxed elementor-section-height-default elementor-section-height-default\" data-id=\"7ff0ac7\" data-element_type=\"section\" data-e-type=\"section\" data-settings=\"{&quot;_ha_eqh_enable&quot;:false}\">\n\t\t\t\t\t\t<div class=\"elementor-container elementor-column-gap-default\">\n\t\t\t\t\t<div class=\"elementor-column elementor-col-100 elementor-inner-column elementor-element elementor-element-c0bce3e\" data-id=\"c0bce3e\" data-element_type=\"column\" data-e-type=\"column\" data-settings=\"{&quot;background_background&quot;:&quot;classic&quot;}\">\n\t\t\t<div class=\"elementor-widget-wrap elementor-element-populated\">\n\t\t\t\t\t\t<div class=\"elementor-element elementor-element-ef7b092 ha-has-bg-overlay elementor-widget elementor-widget-heading\" data-id=\"ef7b092\" data-element_type=\"widget\" data-e-type=\"widget\" data-widget_type=\"heading.default\">\n\t\t\t\t<div class=\"elementor-widget-container\">\n\t\t\t\t\t<h1 class=\"elementor-heading-title elementor-size-large\">Willkommen bei NicLen \u2013 Deinem zuverl\u00e4ssigen Dry Hire Partner aus der schweiz!<\/h1>\t\t\t\t<\/div>\n\t\t\t\t<\/div>\n\t\t\t\t<div class=\"elementor-element elementor-element-f75f383 ha-has-bg-overlay elementor-widget elementor-widget-text-editor\" data-id=\"f75f383\" data-element_type=\"widget\" data-e-type=\"widget\" data-widget_type=\"text-editor.default\">\n\t\t\t\t<div class=\"elementor-widget-container\">\n\t\t\t\t\t\t\t\t\t<p>Wir sind sind da f\u00fcr Dich, wenn es um die Vermietung von Eventtechnik sowie die Durchf\u00fchrung von massgeschneiderten Transportl\u00f6sungen dieser geht. Dabei kannst Du aus einer richtig gro\u00dfen Bandbreite an Lichttechnik, Videotechnik, Audiotechnik und Rigging Equipment w\u00e4hlen.<\/p>\n<p>Unsere Philosophie ist einfach: Bei NicLen verstehen wir, das jedes Event einzigartig ist, und genau deshalb bieten wir Dir einen umfassenden Service, der weit \u00fcber die blo\u00dfe Vermietung von Veranstaltungstechnik hinausgeht.<\/p>\n<p>Bock auf richtig gute Eventtechnik im Dry Hire und flexible Transportl\u00f6sungen? Hier bist Du goldrichtig!<\/p>\t\t\t\t\t\t\t\t<\/div>\n\t\t\t\t<\/div>\n\t\t\t\t\t<\/div>\n\t\t<\/div>\n\t\t\t\t\t<\/div>\n\t\t<\/section>\n\t\t\t\t\t<\/div>\n\t\t<\/div>\n\t\t\t\t\t<\/div>\n\t\t<\/section>\n\t\t\t\t<section class=\"elementor-section elementor-top-section elementor-element elementor-element-4542df27 elementor-section-boxed elementor-section-height-default elementor-section-height-default\" data-id=\"4542df27\" data-element_type=\"section\" data-e-type=\"section\" data-settings=\"{&quot;_ha_eqh_enable&quot;:false}\">\n\t\t\t\t\t\t<div class=\"elementor-container elementor-column-gap-default\">\n\t\t\t\t\t<div class=\"elementor-column elementor-col-100 elementor-top-column elementor-element elementor-element-7eac9f5a\" data-id=\"7eac9f5a\" data-element_type=\"column\" data-e-type=\"column\">\n\t\t\t<div class=\"elementor-widget-wrap elementor-element-populated\">\n\t\t\t\t\t\t<section class=\"elementor-section elementor-inner-section elementor-element elementor-element-561c0e3c elementor-section-height-min-height elementor-section-content-bottom elementor-section-boxed elementor-section-height-default\" data-id=\"561c0e3c\" data-element_type=\"section\" data-e-type=\"section\" data-settings=\"{&quot;_ha_eqh_enable&quot;:false}\">\n\t\t\t\t\t\t<div class=\"elementor-container elementor-column-gap-wider\">\n\t\t\t\t\t<div class=\"elementor-column elementor-col-33 elementor-inner-column elementor-element elementor-element-419e4819\" data-id=\"419e4819\" data-element_type=\"column\" data-e-type=\"column\" data-settings=\"{&quot;background_background&quot;:&quot;classic&quot;}\">\n\t\t\t<div class=\"elementor-widget-wrap elementor-element-populated\">\n\t\t\t\t\t\t<div class=\"elementor-element elementor-element-3bcfd3c6 ha-has-bg-overlay elementor-widget elementor-widget-heading\" data-id=\"3bcfd3c6\" data-element_type=\"widget\" data-e-type=\"widget\" data-widget_type=\"heading.default\">\n\t\t\t\t<div class=\"elementor-widget-container\">\n\t\t\t\t\t<h3 class=\"elementor-heading-title elementor-size-large\"><a href=\"https:\/\/www.niclen.de\/ch\/produktportfolio\/\" target=\"_blank\">Vermietung<\/a><\/h3>\t\t\t\t<\/div>\n\t\t\t\t<\/div>\n\t\t\t\t\t<\/div>\n\t\t<\/div>\n\t\t\t\t<div class=\"elementor-column elementor-col-33 elementor-inner-column elementor-element elementor-element-54ae2975\" data-id=\"54ae2975\" data-element_type=\"column\" data-e-type=\"column\" data-settings=\"{&quot;background_background&quot;:&quot;classic&quot;}\">\n\t\t\t<div class=\"elementor-widget-wrap elementor-element-populated\">\n\t\t\t\t\t<div class=\"elementor-background-overlay\"><\/div>\n\t\t\t\t\t\t<div class=\"elementor-element elementor-element-e0e09be ha-has-bg-overlay elementor-widget elementor-widget-heading\" data-id=\"e0e09be\" data-element_type=\"widget\" data-e-type=\"widget\" data-widget_type=\"heading.default\">\n\t\t\t\t<div class=\"elementor-widget-container\">\n\t\t\t\t\t<h3 class=\"elementor-heading-title elementor-size-large\"><a href=\"https:\/\/rudideluxe.de\/\" target=\"_blank\">Gebrauchtes<\/a><\/h3>\t\t\t\t<\/div>\n\t\t\t\t<\/div>\n\t\t\t\t\t<\/div>\n\t\t<\/div>\n\t\t\t\t<div class=\"elementor-column elementor-col-33 elementor-inner-column elementor-element elementor-element-720366e6\" data-id=\"720366e6\" data-element_type=\"column\" data-e-type=\"column\" data-settings=\"{&quot;background_background&quot;:&quot;classic&quot;}\">\n\t\t\t<div class=\"elementor-widget-wrap elementor-element-populated\">\n\t\t\t\t\t\t<div class=\"elementor-element elementor-element-c45ba26 ha-has-bg-overlay elementor-widget elementor-widget-heading\" data-id=\"c45ba26\" data-element_type=\"widget\" data-e-type=\"widget\" data-widget_type=\"heading.default\">\n\t\t\t\t<div class=\"elementor-widget-container\">\n\t\t\t\t\t<h3 class=\"elementor-heading-title elementor-size-large\"><a href=\"https:\/\/www.niclen.de\/ch\/downloads\/\">Downloads<\/a><\/h3>\t\t\t\t<\/div>\n\t\t\t\t<\/div>\n\t\t\t\t\t<\/div>\n\t\t<\/div>\n\t\t\t\t\t<\/div>\n\t\t<\/section>\n\t\t\t\t\t<\/div>\n\t\t<\/div>\n\t\t\t\t\t<\/div>\n\t\t<\/section>\n\t\t\t\t<section class=\"elementor-section elementor-top-section elementor-element elementor-element-4c5f5f0c elementor-section-content-middle elementor-section-boxed elementor-section-height-default elementor-section-height-default\" data-id=\"4c5f5f0c\" data-element_type=\"section\" data-e-type=\"section\" id=\"niclenfamilie\" data-settings=\"{&quot;_ha_eqh_enable&quot;:false}\">\n\t\t\t\t\t\t<div class=\"elementor-container elementor-column-gap-no\">\n\t\t\t\t\t<div class=\"elementor-column elementor-col-100 elementor-top-column elementor-element elementor-element-4e56bec3\" data-id=\"4e56bec3\" data-element_type=\"column\" data-e-type=\"column\">\n\t\t\t<div class=\"elementor-widget-wrap elementor-element-populated\">\n\t\t\t\t\t\t<div class=\"elementor-element elementor-element-450f3a1d elementor-widget elementor-widget-heading\" data-id=\"450f3a1d\" data-element_type=\"widget\" data-e-type=\"widget\" data-widget_type=\"heading.default\">\n\t\t\t\t<div class=\"elementor-widget-container\">\n\t\t\t\t\t<h4 class=\"elementor-heading-title elementor-size-default\">Die NicLen Family<\/h4>\t\t\t\t<\/div>\n\t\t\t\t<\/div>\n\t\t\t\t<section class=\"elementor-section elementor-inner-section elementor-element elementor-element-466170a2 elementor-section-boxed elementor-section-height-default elementor-section-height-default\" data-id=\"466170a2\" data-element_type=\"section\" data-e-type=\"section\" data-settings=\"{&quot;_ha_eqh_enable&quot;:false}\">\n\t\t\t\t\t\t<div class=\"elementor-container elementor-column-gap-default\">\n\t\t\t\t\t<div class=\"elementor-column elementor-col-50 elementor-inner-column elementor-element elementor-element-7db16448\" data-id=\"7db16448\" data-element_type=\"column\" data-e-type=\"column\" data-settings=\"{&quot;background_background&quot;:&quot;classic&quot;}\">\n\t\t\t<div class=\"elementor-widget-wrap elementor-element-populated\">\n\t\t\t\t\t\t<div class=\"elementor-element elementor-element-4ab49802 elementor-widget elementor-widget-image\" data-id=\"4ab49802\" data-element_type=\"widget\" data-e-type=\"widget\" data-widget_type=\"image.default\">\n\t\t\t\t<div class=\"elementor-widget-container\">\n\t\t\t\t\t\t\t\t\t\t\t\t<figure class=\"wp-caption\">\n\t\t\t\t\t\t\t\t\t\t<img fetchpriority=\"high\" decoding=\"async\" width=\"800\" height=\"110\" src=\"https:\/\/www.niclen.de\/wp-content\/uploads\/2022\/02\/logo_niclen-1024x141-1.png\" class=\"elementor-animation-grow attachment-large size-large wp-image-5715\" alt=\"\" srcset=\"https:\/\/www.niclen.de\/wp-content\/uploads\/2022\/02\/logo_niclen-1024x141-1.png 1024w, https:\/\/www.niclen.de\/wp-content\/uploads\/2022\/02\/logo_niclen-1024x141-1-300x41.png 300w, https:\/\/www.niclen.de\/wp-content\/uploads\/2022\/02\/logo_niclen-1024x141-1-768x106.png 768w\" sizes=\"(max-width: 800px) 100vw, 800px\" \/>\t\t\t\t\t\t\t\t\t\t\t<figcaption class=\"widget-image-caption wp-caption-text\">Dry Hire von Video-, Audio-, Licht- sowie Rigging Equipment Erfahrene Projektleiter im Bereich Video<\/figcaption>\n\t\t\t\t\t\t\t\t\t\t<\/figure>\n\t\t\t\t\t\t\t\t\t<\/div>\n\t\t\t\t<\/div>\n\t\t\t\t\t<\/div>\n\t\t<\/div>\n\t\t\t\t<div class=\"elementor-column elementor-col-50 elementor-inner-column elementor-element elementor-element-55e1f1b6\" data-id=\"55e1f1b6\" data-element_type=\"column\" data-e-type=\"column\" data-settings=\"{&quot;background_background&quot;:&quot;classic&quot;}\">\n\t\t\t<div class=\"elementor-widget-wrap elementor-element-populated\">\n\t\t\t\t\t\t<div class=\"elementor-element elementor-element-feeaf1 ha-has-bg-overlay elementor-widget elementor-widget-image\" data-id=\"feeaf1\" data-element_type=\"widget\" data-e-type=\"widget\" data-widget_type=\"image.default\">\n\t\t\t\t<div class=\"elementor-widget-container\">\n\t\t\t\t\t\t\t\t\t\t\t\t<figure class=\"wp-caption\">\n\t\t\t\t\t\t\t\t\t\t\t<a href=\"https:\/\/publitec.tv\/\" target=\"_blank\">\n\t\t\t\t\t\t\t<img decoding=\"async\" width=\"800\" height=\"132\" src=\"https:\/\/www.niclen.de\/wp-content\/uploads\/2022\/02\/Logo_publitec-Schrift-schwarz_transparent-1024x169.png\" class=\"elementor-animation-grow attachment-large size-large wp-image-11627\" alt=\"\" srcset=\"https:\/\/www.niclen.de\/wp-content\/uploads\/2022\/02\/Logo_publitec-Schrift-schwarz_transparent-1024x169.png 1024w, https:\/\/www.niclen.de\/wp-content\/uploads\/2022\/02\/Logo_publitec-Schrift-schwarz_transparent-300x49.png 300w, https:\/\/www.niclen.de\/wp-content\/uploads\/2022\/02\/Logo_publitec-Schrift-schwarz_transparent-768x127.png 768w, https:\/\/www.niclen.de\/wp-content\/uploads\/2022\/02\/Logo_publitec-Schrift-schwarz_transparent-1536x253.png 1536w, https:\/\/www.niclen.de\/wp-content\/uploads\/2022\/02\/Logo_publitec-Schrift-schwarz_transparent.png 1578w\" sizes=\"(max-width: 800px) 100vw, 800px\" \/>\t\t\t\t\t\t\t\t<\/a>\n\t\t\t\t\t\t\t\t\t\t\t<figcaption class=\"widget-image-caption wp-caption-text\">Verkauf von Video-, Audio-, Licht- sowie Rigging Equipment<\/figcaption>\n\t\t\t\t\t\t\t\t\t\t<\/figure>\n\t\t\t\t\t\t\t\t\t<\/div>\n\t\t\t\t<\/div>\n\t\t\t\t\t<\/div>\n\t\t<\/div>\n\t\t\t\t\t<\/div>\n\t\t<\/section>\n\t\t\t\t<section class=\"elementor-section elementor-inner-section elementor-element elementor-element-b4f9cb5 elementor-section-boxed elementor-section-height-default elementor-section-height-default\" data-id=\"b4f9cb5\" data-element_type=\"section\" data-e-type=\"section\" data-settings=\"{&quot;_ha_eqh_enable&quot;:false}\">\n\t\t\t\t\t\t<div class=\"elementor-container elementor-column-gap-default\">\n\t\t\t\t\t<div class=\"elementor-column elementor-col-33 elementor-inner-column elementor-element elementor-element-a2b176f\" data-id=\"a2b176f\" data-element_type=\"column\" data-e-type=\"column\" data-settings=\"{&quot;background_background&quot;:&quot;classic&quot;}\">\n\t\t\t<div class=\"elementor-widget-wrap elementor-element-populated\">\n\t\t\t\t\t\t<div class=\"elementor-element elementor-element-5086768 elementor-widget elementor-widget-image\" data-id=\"5086768\" data-element_type=\"widget\" data-e-type=\"widget\" data-widget_type=\"image.default\">\n\t\t\t\t<div class=\"elementor-widget-container\">\n\t\t\t\t\t\t\t\t\t\t\t\t<figure class=\"wp-caption\">\n\t\t\t\t\t\t\t\t\t\t\t<a href=\"https:\/\/rudideluxe.de\/\" target=\"_blank\">\n\t\t\t\t\t\t\t<img decoding=\"async\" width=\"362\" height=\"329\" src=\"https:\/\/www.niclen.de\/wp-content\/uploads\/2021\/03\/Rudideluxe.png\" class=\"elementor-animation-grow attachment-large size-large wp-image-11623\" alt=\"\" srcset=\"https:\/\/www.niclen.de\/wp-content\/uploads\/2021\/03\/Rudideluxe.png 362w, https:\/\/www.niclen.de\/wp-content\/uploads\/2021\/03\/Rudideluxe-300x273.png 300w\" sizes=\"(max-width: 362px) 100vw, 362px\" \/>\t\t\t\t\t\t\t\t<\/a>\n\t\t\t\t\t\t\t\t\t\t\t<figcaption class=\"widget-image-caption wp-caption-text\">Topgepflegte gebrauchte Veranstaltungstechnik zum kleinen Preis<\/figcaption>\n\t\t\t\t\t\t\t\t\t\t<\/figure>\n\t\t\t\t\t\t\t\t\t<\/div>\n\t\t\t\t<\/div>\n\t\t\t\t\t<\/div>\n\t\t<\/div>\n\t\t\t\t<div class=\"elementor-column elementor-col-33 elementor-inner-column elementor-element elementor-element-9e31ebf\" data-id=\"9e31ebf\" data-element_type=\"column\" data-e-type=\"column\" data-settings=\"{&quot;background_background&quot;:&quot;classic&quot;}\">\n\t\t\t<div class=\"elementor-widget-wrap elementor-element-populated\">\n\t\t\t\t\t\t<div class=\"elementor-element elementor-element-7f43b9c elementor-widget elementor-widget-image\" data-id=\"7f43b9c\" data-element_type=\"widget\" data-e-type=\"widget\" data-widget_type=\"image.default\">\n\t\t\t\t<div class=\"elementor-widget-container\">\n\t\t\t\t\t\t\t\t\t\t\t\t<figure class=\"wp-caption\">\n\t\t\t\t\t\t\t\t\t\t\t<a href=\"https:\/\/tecaid.tv\/\" target=\"_blank\">\n\t\t\t\t\t\t\t<img loading=\"lazy\" decoding=\"async\" width=\"466\" height=\"314\" src=\"https:\/\/www.niclen.de\/wp-content\/uploads\/2021\/03\/tecaid.png\" class=\"elementor-animation-grow attachment-large size-large wp-image-11622\" alt=\"\" srcset=\"https:\/\/www.niclen.de\/wp-content\/uploads\/2021\/03\/tecaid.png 466w, https:\/\/www.niclen.de\/wp-content\/uploads\/2021\/03\/tecaid-300x202.png 300w\" sizes=\"(max-width: 466px) 100vw, 466px\" \/>\t\t\t\t\t\t\t\t<\/a>\n\t\t\t\t\t\t\t\t\t\t\t<figcaption class=\"widget-image-caption wp-caption-text\">Hauseigene <br>Werkstatt f\u00fcr Veranstaltungstechnik<\/figcaption>\n\t\t\t\t\t\t\t\t\t\t<\/figure>\n\t\t\t\t\t\t\t\t\t<\/div>\n\t\t\t\t<\/div>\n\t\t\t\t\t<\/div>\n\t\t<\/div>\n\t\t\t\t<div class=\"elementor-column elementor-col-33 elementor-inner-column elementor-element elementor-element-0f7fae3\" data-id=\"0f7fae3\" data-element_type=\"column\" data-e-type=\"column\" data-settings=\"{&quot;background_background&quot;:&quot;classic&quot;}\">\n\t\t\t<div class=\"elementor-widget-wrap elementor-element-populated\">\n\t\t\t\t\t\t<div class=\"elementor-element elementor-element-39f2df6 elementor-widget elementor-widget-image\" data-id=\"39f2df6\" data-element_type=\"widget\" data-e-type=\"widget\" data-widget_type=\"image.default\">\n\t\t\t\t<div class=\"elementor-widget-container\">\n\t\t\t\t\t\t\t\t\t\t\t\t<figure class=\"wp-caption\">\n\t\t\t\t\t\t\t\t\t\t\t<a href=\"https:\/\/www.niclen.de\/prime-logistics\/\" target=\"_blank\">\n\t\t\t\t\t\t\t<img loading=\"lazy\" decoding=\"async\" width=\"800\" height=\"286\" src=\"https:\/\/www.niclen.de\/wp-content\/uploads\/2023\/04\/Prime-Logistics-Logo-rgb-1024x366.png\" class=\"elementor-animation-grow attachment-large size-large wp-image-11632\" alt=\"\" srcset=\"https:\/\/www.niclen.de\/wp-content\/uploads\/2023\/04\/Prime-Logistics-Logo-rgb-1024x366.png 1024w, https:\/\/www.niclen.de\/wp-content\/uploads\/2023\/04\/Prime-Logistics-Logo-rgb-300x107.png 300w, https:\/\/www.niclen.de\/wp-content\/uploads\/2023\/04\/Prime-Logistics-Logo-rgb-768x275.png 768w, https:\/\/www.niclen.de\/wp-content\/uploads\/2023\/04\/Prime-Logistics-Logo-rgb-1536x550.png 1536w, https:\/\/www.niclen.de\/wp-content\/uploads\/2023\/04\/Prime-Logistics-Logo-rgb.png 1917w\" sizes=\"(max-width: 800px) 100vw, 800px\" \/>\t\t\t\t\t\t\t\t<\/a>\n\t\t\t\t\t\t\t\t\t\t\t<figcaption class=\"widget-image-caption wp-caption-text\">Event Trucking mit maximaler Flexibilit\u00e4t<\/figcaption>\n\t\t\t\t\t\t\t\t\t\t<\/figure>\n\t\t\t\t\t\t\t\t\t<\/div>\n\t\t\t\t<\/div>\n\t\t\t\t\t<\/div>\n\t\t<\/div>\n\t\t\t\t\t<\/div>\n\t\t<\/section>\n\t\t\t\t\t<\/div>\n\t\t<\/div>\n\t\t\t\t\t<\/div>\n\t\t<\/section>\n\t\t\t\t<\/div>\n\t\t","protected":false},"excerpt":{"rendered":"<p>Willkommen bei NicLen \u2013 Deinem zuverl\u00e4ssigen Dry Hire Partner aus der schweiz! Wir sind sind da f\u00fcr Dich, wenn es um die Vermietung von Eventtechnik sowie die Durchf\u00fchrung von massgeschneiderten Transportl\u00f6sungen dieser geht. Dabei kannst Du aus einer richtig gro\u00dfen Bandbreite an Lichttechnik, Videotechnik, Audiotechnik und Rigging Equipment w\u00e4hlen. Unsere Philosophie ist einfach: Bei NicLen [&hellip;]<\/p>\n","protected":false},"author":1,"featured_media":17128,"parent":0,"menu_order":0,"comment_status":"closed","ping_status":"closed","template":"","meta":{"_acf_changed":false,"footnotes":""},"class_list":["post-11608","page","type-page","status-publish","has-post-thumbnail","hentry"],"acf":[],"yoast_head":"<!-- This site is optimized with the Yoast SEO plugin v27.1.1 - https:\/\/yoast.com\/product\/yoast-seo-wordpress\/ -->\n<title>Eventtechnik Dry Hire Profis | Alle Services von NicLen<\/title>\n<meta name=\"description\" content=\"Professionelle Eventtechnik, abgestimmt auf Dein Projekt | Die Marken der NicLen Family l\u00f6sen so viele Probleme auf einmal wie m\u00f6glich! Mehr:\" \/>\n<meta name=\"robots\" content=\"index, follow, max-snippet:-1, max-image-preview:large, max-video-preview:-1\" \/>\n<link rel=\"canonical\" href=\"https:\/\/www.niclen.de\/ch\/unternehmen\/\" \/>\n<meta property=\"og:locale\" content=\"de_DE\" \/>\n<meta property=\"og:type\" content=\"article\" \/>\n<meta property=\"og:title\" content=\"Eventtechnik Dry Hire Profis | Alle Services von NicLen\" \/>\n<meta property=\"og:description\" content=\"Professionelle Eventtechnik, abgestimmt auf Dein Projekt | Die Marken der NicLen Family l\u00f6sen so viele Probleme auf einmal wie m\u00f6glich! Mehr:\" \/>\n<meta property=\"og:url\" content=\"https:\/\/www.niclen.de\/ch\/unternehmen\/\" \/>\n<meta property=\"og:site_name\" content=\"NicLen GmbH\" \/>\n<meta property=\"article:modified_time\" content=\"2026-01-07T11:34:12+00:00\" \/>\n<meta property=\"og:image\" content=\"https:\/\/www.niclen.de\/wp-content\/uploads\/2024\/08\/Bild_LinkedIn_VA.jpg\" \/>\n\t<meta property=\"og:image:width\" content=\"1920\" \/>\n\t<meta property=\"og:image:height\" content=\"1080\" \/>\n\t<meta property=\"og:image:type\" content=\"image\/jpeg\" \/>\n<meta name=\"twitter:card\" content=\"summary_large_image\" \/>\n<meta name=\"twitter:title\" content=\"Eventtechnik Dry Hire Profis | Alle Services von NicLen\" \/>\n<meta name=\"twitter:description\" content=\"Professionelle Eventtechnik, abgestimmt auf Dein Projekt | Die Marken der NicLen Family l\u00f6sen so viele Probleme auf einmal wie m\u00f6glich! Mehr:\" \/>\n<meta name=\"twitter:label1\" content=\"Gesch\u00e4tzte Lesezeit\" \/>\n\t<meta name=\"twitter:data1\" content=\"2\u00a0Minuten\" \/>\n<script type=\"application\/ld+json\" class=\"yoast-schema-graph\">{\"@context\":\"https:\/\/schema.org\",\"@graph\":[{\"@type\":\"WebPage\",\"@id\":\"https:\/\/www.niclen.de\/ch\/unternehmen\/\",\"url\":\"https:\/\/www.niclen.de\/ch\/unternehmen\/\",\"name\":\"Eventtechnik Dry Hire Profis | Alle Services von NicLen\",\"isPartOf\":{\"@id\":\"https:\/\/www.niclen.de\/#website\"},\"primaryImageOfPage\":{\"@id\":\"https:\/\/www.niclen.de\/ch\/unternehmen\/#primaryimage\"},\"image\":{\"@id\":\"https:\/\/www.niclen.de\/ch\/unternehmen\/#primaryimage\"},\"thumbnailUrl\":\"https:\/\/www.niclen.de\/wp-content\/uploads\/2024\/08\/Bild_LinkedIn_VA.jpg\",\"datePublished\":\"2021-02-28T20:27:15+00:00\",\"dateModified\":\"2026-01-07T11:34:12+00:00\",\"description\":\"Professionelle Eventtechnik, abgestimmt auf Dein Projekt | Die Marken der NicLen Family l\u00f6sen so viele Probleme auf einmal wie m\u00f6glich! Mehr:\",\"breadcrumb\":{\"@id\":\"https:\/\/www.niclen.de\/ch\/unternehmen\/#breadcrumb\"},\"inLanguage\":\"de-CH\",\"potentialAction\":[{\"@type\":\"ReadAction\",\"target\":[\"https:\/\/www.niclen.de\/ch\/unternehmen\/\"]}]},{\"@type\":\"ImageObject\",\"inLanguage\":\"de-CH\",\"@id\":\"https:\/\/www.niclen.de\/ch\/unternehmen\/#primaryimage\",\"url\":\"https:\/\/www.niclen.de\/wp-content\/uploads\/2024\/08\/Bild_LinkedIn_VA.jpg\",\"contentUrl\":\"https:\/\/www.niclen.de\/wp-content\/uploads\/2024\/08\/Bild_LinkedIn_VA.jpg\",\"width\":1920,\"height\":1080},{\"@type\":\"BreadcrumbList\",\"@id\":\"https:\/\/www.niclen.de\/ch\/unternehmen\/#breadcrumb\",\"itemListElement\":[{\"@type\":\"ListItem\",\"position\":1,\"name\":\"Startseite\",\"item\":\"https:\/\/www.niclen.de\/\"},{\"@type\":\"ListItem\",\"position\":2,\"name\":\"Unternehmen\"}]},{\"@type\":\"WebSite\",\"@id\":\"https:\/\/www.niclen.de\/#website\",\"url\":\"https:\/\/www.niclen.de\/\",\"name\":\"NicLen GmbH\",\"description\":\"Licht, Rigging, Audio &amp; Video von einem Partner\",\"potentialAction\":[{\"@type\":\"SearchAction\",\"target\":{\"@type\":\"EntryPoint\",\"urlTemplate\":\"https:\/\/www.niclen.de\/?s={search_term_string}\"},\"query-input\":{\"@type\":\"PropertyValueSpecification\",\"valueRequired\":true,\"valueName\":\"search_term_string\"}}],\"inLanguage\":\"de-CH\"}]}<\/script>\n<!-- \/ Yoast SEO plugin. -->","yoast_head_json":{"title":"Eventtechnik Dry Hire Profis | Alle Services von NicLen","description":"Professionelle Eventtechnik, abgestimmt auf Dein Projekt | Die Marken der NicLen Family l\u00f6sen so viele Probleme auf einmal wie m\u00f6glich! Mehr:","robots":{"index":"index","follow":"follow","max-snippet":"max-snippet:-1","max-image-preview":"max-image-preview:large","max-video-preview":"max-video-preview:-1"},"canonical":"https:\/\/www.niclen.de\/ch\/unternehmen\/","og_locale":"de_DE","og_type":"article","og_title":"Eventtechnik Dry Hire Profis | Alle Services von NicLen","og_description":"Professionelle Eventtechnik, abgestimmt auf Dein Projekt | Die Marken der NicLen Family l\u00f6sen so viele Probleme auf einmal wie m\u00f6glich! Mehr:","og_url":"https:\/\/www.niclen.de\/ch\/unternehmen\/","og_site_name":"NicLen GmbH","article_modified_time":"2026-01-07T11:34:12+00:00","og_image":[{"width":1920,"height":1080,"url":"https:\/\/www.niclen.de\/wp-content\/uploads\/2024\/08\/Bild_LinkedIn_VA.jpg","type":"image\/jpeg"}],"twitter_card":"summary_large_image","twitter_title":"Eventtechnik Dry Hire Profis | Alle Services von NicLen","twitter_description":"Professionelle Eventtechnik, abgestimmt auf Dein Projekt | Die Marken der NicLen Family l\u00f6sen so viele Probleme auf einmal wie m\u00f6glich! Mehr:","twitter_misc":{"Gesch\u00e4tzte Lesezeit":"2\u00a0Minuten"},"schema":{"@context":"https:\/\/schema.org","@graph":[{"@type":"WebPage","@id":"https:\/\/www.niclen.de\/ch\/unternehmen\/","url":"https:\/\/www.niclen.de\/ch\/unternehmen\/","name":"Eventtechnik Dry Hire Profis | Alle Services von NicLen","isPartOf":{"@id":"https:\/\/www.niclen.de\/#website"},"primaryImageOfPage":{"@id":"https:\/\/www.niclen.de\/ch\/unternehmen\/#primaryimage"},"image":{"@id":"https:\/\/www.niclen.de\/ch\/unternehmen\/#primaryimage"},"thumbnailUrl":"https:\/\/www.niclen.de\/wp-content\/uploads\/2024\/08\/Bild_LinkedIn_VA.jpg","datePublished":"2021-02-28T20:27:15+00:00","dateModified":"2026-01-07T11:34:12+00:00","description":"Professionelle Eventtechnik, abgestimmt auf Dein Projekt | Die Marken der NicLen Family l\u00f6sen so viele Probleme auf einmal wie m\u00f6glich! Mehr:","breadcrumb":{"@id":"https:\/\/www.niclen.de\/ch\/unternehmen\/#breadcrumb"},"inLanguage":"de-CH","potentialAction":[{"@type":"ReadAction","target":["https:\/\/www.niclen.de\/ch\/unternehmen\/"]}]},{"@type":"ImageObject","inLanguage":"de-CH","@id":"https:\/\/www.niclen.de\/ch\/unternehmen\/#primaryimage","url":"https:\/\/www.niclen.de\/wp-content\/uploads\/2024\/08\/Bild_LinkedIn_VA.jpg","contentUrl":"https:\/\/www.niclen.de\/wp-content\/uploads\/2024\/08\/Bild_LinkedIn_VA.jpg","width":1920,"height":1080},{"@type":"BreadcrumbList","@id":"https:\/\/www.niclen.de\/ch\/unternehmen\/#breadcrumb","itemListElement":[{"@type":"ListItem","position":1,"name":"Startseite","item":"https:\/\/www.niclen.de\/"},{"@type":"ListItem","position":2,"name":"Unternehmen"}]},{"@type":"WebSite","@id":"https:\/\/www.niclen.de\/#website","url":"https:\/\/www.niclen.de\/","name":"NicLen GmbH","description":"Licht, Rigging, Audio &amp; Video von einem Partner","potentialAction":[{"@type":"SearchAction","target":{"@type":"EntryPoint","urlTemplate":"https:\/\/www.niclen.de\/?s={search_term_string}"},"query-input":{"@type":"PropertyValueSpecification","valueRequired":true,"valueName":"search_term_string"}}],"inLanguage":"de-CH"}]}},"_links":{"self":[{"href":"https:\/\/www.niclen.de\/ch\/wp-json\/wp\/v2\/pages\/11608","targetHints":{"allow":["GET"]}}],"collection":[{"href":"https:\/\/www.niclen.de\/ch\/wp-json\/wp\/v2\/pages"}],"about":[{"href":"https:\/\/www.niclen.de\/ch\/wp-json\/wp\/v2\/types\/page"}],"author":[{"embeddable":true,"href":"https:\/\/www.niclen.de\/ch\/wp-json\/wp\/v2\/users\/1"}],"replies":[{"embeddable":true,"href":"https:\/\/www.niclen.de\/ch\/wp-json\/wp\/v2\/comments?post=11608"}],"version-history":[{"count":5,"href":"https:\/\/www.niclen.de\/ch\/wp-json\/wp\/v2\/pages\/11608\/revisions"}],"predecessor-version":[{"id":24903,"href":"https:\/\/www.niclen.de\/ch\/wp-json\/wp\/v2\/pages\/11608\/revisions\/24903"}],"wp:featuredmedia":[{"embeddable":true,"href":"https:\/\/www.niclen.de\/ch\/wp-json\/wp\/v2\/media\/17128"}],"wp:attachment":[{"href":"https:\/\/www.niclen.de\/ch\/wp-json\/wp\/v2\/media?parent=11608"}],"curies":[{"name":"wp","href":"https:\/\/api.w.org\/{rel}","templated":true}]}}