{"id":11605,"date":"2021-02-28T21:20:30","date_gmt":"2021-02-28T20:20:30","guid":{"rendered":"https:\/\/www.niclen.de\/kontakt\/"},"modified":"2025-10-14T12:41:53","modified_gmt":"2025-10-14T10:41:53","slug":"kontakt","status":"publish","type":"page","link":"https:\/\/www.niclen.de\/ch\/kontakt\/","title":{"rendered":"Kontakt"},"content":{"rendered":"\t\t<div data-elementor-type=\"wp-page\" data-elementor-id=\"11605\" class=\"elementor elementor-11605 elementor-178\" data-elementor-settings=\"{&quot;ha_cmc_init_switcher&quot;:&quot;no&quot;}\" data-elementor-post-type=\"page\">\n\t\t\t\t\t\t<section class=\"elementor-section elementor-top-section elementor-element elementor-element-17056f2 elementor-section-boxed elementor-section-height-default elementor-section-height-default\" data-id=\"17056f2\" data-element_type=\"section\" data-e-type=\"section\" data-settings=\"{&quot;_ha_eqh_enable&quot;:false}\">\n\t\t\t\t\t\t<div class=\"elementor-container elementor-column-gap-default\">\n\t\t\t\t\t<div class=\"elementor-column elementor-col-100 elementor-top-column elementor-element elementor-element-89573a4\" data-id=\"89573a4\" data-element_type=\"column\" data-e-type=\"column\">\n\t\t\t<div class=\"elementor-widget-wrap elementor-element-populated\">\n\t\t\t\t\t\t<div class=\"elementor-element elementor-element-14cf79d elementor-widget elementor-widget-html\" data-id=\"14cf79d\" data-element_type=\"widget\" data-e-type=\"widget\" data-widget_type=\"html.default\">\n\t\t\t\t<div class=\"elementor-widget-container\">\n\t\t\t\t\t<script src=https:\/\/t4f1b28b8.emailsys1a.net\/form\/47\/12142\/c20339bccd\/popup.js?_g=1736173278 async><\/script>\t\t\t\t<\/div>\n\t\t\t\t<\/div>\n\t\t\t\t\t<\/div>\n\t\t<\/div>\n\t\t\t\t\t<\/div>\n\t\t<\/section>\n\t\t\t\t<section class=\"elementor-section elementor-top-section elementor-element elementor-element-8a47aa8 elementor-section-content-middle elementor-section-boxed elementor-section-height-default elementor-section-height-default\" data-id=\"8a47aa8\" data-element_type=\"section\" data-e-type=\"section\" data-settings=\"{&quot;background_background&quot;:&quot;classic&quot;,&quot;_ha_eqh_enable&quot;:false}\">\n\t\t\t\t\t\t\t<div class=\"elementor-background-overlay\"><\/div>\n\t\t\t\t\t\t\t<div class=\"elementor-container elementor-column-gap-default\">\n\t\t\t\t\t<div class=\"elementor-column elementor-col-100 elementor-top-column elementor-element elementor-element-c10de83\" data-id=\"c10de83\" data-element_type=\"column\" data-e-type=\"column\" data-settings=\"{&quot;background_background&quot;:&quot;classic&quot;}\">\n\t\t\t<div class=\"elementor-widget-wrap elementor-element-populated\">\n\t\t\t\t\t<div class=\"elementor-background-overlay\"><\/div>\n\t\t\t\t\t\t<section class=\"elementor-section elementor-inner-section elementor-element elementor-element-4c36337 elementor-section-boxed elementor-section-height-default elementor-section-height-default\" data-id=\"4c36337\" data-element_type=\"section\" data-e-type=\"section\" data-settings=\"{&quot;_ha_eqh_enable&quot;:false}\">\n\t\t\t\t\t\t<div class=\"elementor-container elementor-column-gap-default\">\n\t\t\t\t\t<div class=\"elementor-column elementor-col-100 elementor-inner-column elementor-element elementor-element-488aaf3\" data-id=\"488aaf3\" data-element_type=\"column\" data-e-type=\"column\">\n\t\t\t<div class=\"elementor-widget-wrap elementor-element-populated\">\n\t\t\t\t\t\t<div class=\"elementor-element elementor-element-19536b8 elementor-widget elementor-widget-heading\" data-id=\"19536b8\" data-element_type=\"widget\" data-e-type=\"widget\" data-widget_type=\"heading.default\">\n\t\t\t\t<div class=\"elementor-widget-container\">\n\t\t\t\t\t<h2 class=\"elementor-heading-title elementor-size-large\">Nimm Kontakt auf<\/h2>\t\t\t\t<\/div>\n\t\t\t\t<\/div>\n\t\t\t\t<div class=\"elementor-element elementor-element-f3b655f elementor-widget elementor-widget-text-editor\" data-id=\"f3b655f\" data-element_type=\"widget\" data-e-type=\"widget\" data-widget_type=\"text-editor.default\">\n\t\t\t\t<div class=\"elementor-widget-container\">\n\t\t\t\t\t\t\t\t\t<p>Du hast Fragen zu unserem Angebot oder eine Anregung f\u00fcr uns? Dann melde Dich gern!<\/p><p>Wir freuen uns darauf, von Dir zu h\u00f6ren!<\/p>\t\t\t\t\t\t\t\t<\/div>\n\t\t\t\t<\/div>\n\t\t\t\t\t<\/div>\n\t\t<\/div>\n\t\t\t\t\t<\/div>\n\t\t<\/section>\n\t\t\t\t<section class=\"elementor-section elementor-inner-section elementor-element elementor-element-fe29f37 elementor-section-boxed elementor-section-height-default elementor-section-height-default\" data-id=\"fe29f37\" data-element_type=\"section\" data-e-type=\"section\" data-settings=\"{&quot;_ha_eqh_enable&quot;:false}\">\n\t\t\t\t\t\t<div class=\"elementor-container elementor-column-gap-default\">\n\t\t\t\t\t<div class=\"elementor-column elementor-col-33 elementor-inner-column elementor-element elementor-element-1991e0e\" data-id=\"1991e0e\" data-element_type=\"column\" data-e-type=\"column\" data-settings=\"{&quot;background_background&quot;:&quot;classic&quot;}\">\n\t\t\t<div class=\"elementor-widget-wrap elementor-element-populated\">\n\t\t\t\t\t\t<div class=\"elementor-element elementor-element-7a4b27c elementor-position-inline-start elementor-view-default elementor-mobile-position-block-start ha-has-bg-overlay elementor-widget elementor-widget-icon-box\" data-id=\"7a4b27c\" data-element_type=\"widget\" data-e-type=\"widget\" data-widget_type=\"icon-box.default\">\n\t\t\t\t<div class=\"elementor-widget-container\">\n\t\t\t\t\t\t\t<div class=\"elementor-icon-box-wrapper\">\n\n\t\t\t\t\t\t<div class=\"elementor-icon-box-icon\">\n\t\t\t\t<span  class=\"elementor-icon\">\n\t\t\t\t<i aria-hidden=\"true\" class=\"far fa-clock\"><\/i>\t\t\t\t<\/span>\n\t\t\t<\/div>\n\t\t\t\n\t\t\t\t\t\t<div class=\"elementor-icon-box-content\">\n\n\t\t\t\t\t\t\t\t\t<h3 class=\"elementor-icon-box-title\">\n\t\t\t\t\t\t<span  >\n\t\t\t\t\t\t\t\u00d6ffnungszeiTen\t\t\t\t\t\t<\/span>\n\t\t\t\t\t<\/h3>\n\t\t\t\t\n\t\t\t\t\t\t\t\t\t<p class=\"elementor-icon-box-description\">\n\t\t\t\t\t\tMontag \u2013 Freitag: 08:00 \u2013 17:00 Uhr<br>\nSamstag \u2013 Sonntag: geschlossen\n\t\t\t\t\t<\/p>\n\t\t\t\t\n\t\t\t<\/div>\n\t\t\t\n\t\t<\/div>\n\t\t\t\t\t\t<\/div>\n\t\t\t\t<\/div>\n\t\t\t\t\t<\/div>\n\t\t<\/div>\n\t\t\t\t<div class=\"elementor-column elementor-col-33 elementor-inner-column elementor-element elementor-element-80f4e09\" data-id=\"80f4e09\" data-element_type=\"column\" data-e-type=\"column\">\n\t\t\t<div class=\"elementor-widget-wrap\">\n\t\t\t\t\t\t\t<\/div>\n\t\t<\/div>\n\t\t\t\t<div class=\"elementor-column elementor-col-33 elementor-inner-column elementor-element elementor-element-bc020f1\" data-id=\"bc020f1\" data-element_type=\"column\" data-e-type=\"column\" data-settings=\"{&quot;background_background&quot;:&quot;classic&quot;}\">\n\t\t\t<div class=\"elementor-widget-wrap elementor-element-populated\">\n\t\t\t\t\t\t<div class=\"elementor-element elementor-element-008e043 elementor-position-inline-start elementor-widget__width-initial elementor-view-default elementor-mobile-position-block-start ha-has-bg-overlay elementor-widget elementor-widget-icon-box\" data-id=\"008e043\" data-element_type=\"widget\" data-e-type=\"widget\" data-widget_type=\"icon-box.default\">\n\t\t\t\t<div class=\"elementor-widget-container\">\n\t\t\t\t\t\t\t<div class=\"elementor-icon-box-wrapper\">\n\n\t\t\t\t\t\t<div class=\"elementor-icon-box-icon\">\n\t\t\t\t<span  class=\"elementor-icon\">\n\t\t\t\t<i aria-hidden=\"true\" class=\"fas fa-map-marker-alt\"><\/i>\t\t\t\t<\/span>\n\t\t\t<\/div>\n\t\t\t\n\t\t\t\t\t\t<div class=\"elementor-icon-box-content\">\n\n\t\t\t\t\t\t\t\t\t<h3 class=\"elementor-icon-box-title\">\n\t\t\t\t\t\t<span  >\n\t\t\t\t\t\t\tUnsere Adresse\t\t\t\t\t\t<\/span>\n\t\t\t\t\t<\/h3>\n\t\t\t\t\n\t\t\t\t\t\t\t\t\t<p class=\"elementor-icon-box-description\">\n\t\t\t\t\t\tUntere Fischbachstrasse 2<br>8932 Mettmenstetten, Schweiz<br>Phone: +41 44 24 2 24 24 <br>E-Mail: <a href=\"mailto:dispo@niclen.de\">info@niclen.ch<\/a>\n\t\t\t\t\t<\/p>\n\t\t\t\t\n\t\t\t<\/div>\n\t\t\t\n\t\t<\/div>\n\t\t\t\t\t\t<\/div>\n\t\t\t\t<\/div>\n\t\t\t\t\t<\/div>\n\t\t<\/div>\n\t\t\t\t\t<\/div>\n\t\t<\/section>\n\t\t\t\t<section class=\"elementor-section elementor-inner-section elementor-element elementor-element-71fb268 elementor-section-boxed elementor-section-height-default elementor-section-height-default\" data-id=\"71fb268\" data-element_type=\"section\" data-e-type=\"section\" data-settings=\"{&quot;_ha_eqh_enable&quot;:false}\">\n\t\t\t\t\t\t<div class=\"elementor-container elementor-column-gap-default\">\n\t\t\t\t\t<div class=\"elementor-column elementor-col-100 elementor-inner-column elementor-element elementor-element-24abced\" data-id=\"24abced\" data-element_type=\"column\" data-e-type=\"column\">\n\t\t\t<div class=\"elementor-widget-wrap elementor-element-populated\">\n\t\t\t\t\t\t<div class=\"elementor-element elementor-element-e748739 elementor-widget elementor-widget-google_maps\" data-id=\"e748739\" data-element_type=\"widget\" data-e-type=\"widget\" data-widget_type=\"google_maps.default\">\n\t\t\t\t<div class=\"elementor-widget-container\">\n\t\t\t\t\t\t\t<div class=\"elementor-custom-embed\">\n\t\t\t <div class=\"brlbs-cmpnt-container brlbs-cmpnt-content-blocker brlbs-cmpnt-with-individual-styles\" data-borlabs-cookie-content-blocker-id=\"google-maps\" data-borlabs-cookie-content=\"PGlmcmFtZSBsb2FkaW5nPSJsYXp5IgoJCQkJCXNyYz0iaHR0cHM6Ly9tYXBzLmdvb2dsZS5jb20vbWFwcz9xPVVudGVyZSUyMEZpc2NoYmFjaHN0cmFzc2UlMjAyJTJDJTIwODkzMiUyME1ldHRtZW5zdGV0dGVuJTJDJTIwU2Nod2VpeiYjMDM4O3Q9bSYjMDM4O3o9MTQmIzAzODtvdXRwdXQ9ZW1iZWQmIzAzODtpd2xvYz1uZWFyIgoJCQkJCXRpdGxlPSJVbnRlcmUgRmlzY2hiYWNoc3RyYXNzZSAyLCA4OTMyIE1ldHRtZW5zdGV0dGVuLCBTY2h3ZWl6IgoJCQkJCWFyaWEtbGFiZWw9IlVudGVyZSBGaXNjaGJhY2hzdHJhc3NlIDIsIDg5MzIgTWV0dG1lbnN0ZXR0ZW4sIFNjaHdlaXoiCgkJCT48L2lmcmFtZT4=\"><div class=\"brlbs-cmpnt-cb-preset-b brlbs-cmpnt-cb-google-maps\"> <div class=\"brlbs-cmpnt-cb-thumbnail\" style=\"background-image: url('https:\/\/www.niclen.de\/wp-content\/uploads\/borlabs-cookie\/1\/brlbs-cb-google-maps-main.png')\"><\/div> <div class=\"brlbs-cmpnt-cb-main\"> <div class=\"brlbs-cmpnt-cb-content\"> <p class=\"brlbs-cmpnt-cb-description\">You are currently viewing a placeholder content from <strong>Google Maps<\/strong>. To access the actual content, click the button below. Please note that doing so will share data with third-party providers.<\/p> <a class=\"brlbs-cmpnt-cb-provider-toggle\" href=\"#\" data-borlabs-cookie-show-provider-information role=\"button\">More Information<\/a> <\/div> <div class=\"brlbs-cmpnt-cb-buttons\"> <a class=\"brlbs-cmpnt-cb-btn\" href=\"#\" data-borlabs-cookie-unblock role=\"button\">Unblock content<\/a> <a class=\"brlbs-cmpnt-cb-btn\" href=\"#\" data-borlabs-cookie-accept-service role=\"button\" style=\"display: inherit\">Accept required service and unblock content<\/a> <\/div> <\/div> <\/div><\/div>\n\t\t<\/div>\n\t\t\t\t\t\t<\/div>\n\t\t\t\t<\/div>\n\t\t\t\t\t<\/div>\n\t\t<\/div>\n\t\t\t\t\t<\/div>\n\t\t<\/section>\n\t\t\t\t\t<\/div>\n\t\t<\/div>\n\t\t\t\t\t<\/div>\n\t\t<\/section>\n\t\t\t\t<\/div>\n\t\t","protected":false},"excerpt":{"rendered":"<p>Nimm Kontakt auf Du hast Fragen zu unserem Angebot oder eine Anregung f\u00fcr uns? Dann melde Dich gern! Wir freuen uns darauf, von Dir zu h\u00f6ren! \u00d6ffnungszeiTen Montag \u2013 Freitag: 08:00 \u2013 17:00 Uhr Samstag \u2013 Sonntag: geschlossen Unsere Adresse Untere Fischbachstrasse 28932 Mettmenstetten, SchweizPhone: +41 44 24 2 24 24 E-Mail: info@niclen.ch You are [&hellip;]<\/p>\n","protected":false},"author":1,"featured_media":14024,"parent":0,"menu_order":0,"comment_status":"closed","ping_status":"closed","template":"","meta":{"_acf_changed":false,"footnotes":""},"class_list":["post-11605","page","type-page","status-publish","has-post-thumbnail","hentry"],"acf":[],"yoast_head":"<!-- This site is optimized with the Yoast SEO plugin v27.1.1 - https:\/\/yoast.com\/product\/yoast-seo-wordpress\/ -->\n<title>Veranstaltungstechnik Dry Hire - alle Infos im NicLen Newsletter<\/title>\n<meta name=\"description\" content=\"Der NicLen Newsletter informiert Dich \u00fcber: Neuste Veranstaltungstechnik zur Miete \u2713 Veranstaltungen von\/mit uns \u2713 brandneue Services \u2713 Jetzt anmelden!\" \/>\n<meta name=\"robots\" content=\"index, follow, max-snippet:-1, max-image-preview:large, max-video-preview:-1\" \/>\n<link rel=\"canonical\" href=\"https:\/\/www.niclen.de\/ch\/kontakt\/\" \/>\n<meta property=\"og:locale\" content=\"de_DE\" \/>\n<meta property=\"og:type\" content=\"article\" \/>\n<meta property=\"og:title\" content=\"Veranstaltungstechnik Dry Hire - alle Infos im NicLen Newsletter\" \/>\n<meta property=\"og:description\" content=\"Der NicLen Newsletter informiert Dich \u00fcber: Neuste Veranstaltungstechnik zur Miete \u2713 Veranstaltungen von\/mit uns \u2713 brandneue Services \u2713 Jetzt anmelden!\" \/>\n<meta property=\"og:url\" content=\"https:\/\/www.niclen.de\/ch\/kontakt\/\" \/>\n<meta property=\"og:site_name\" content=\"NicLen GmbH\" \/>\n<meta property=\"article:modified_time\" content=\"2025-10-14T10:41:53+00:00\" \/>\n<meta property=\"og:image\" content=\"https:\/\/www.niclen.de\/wp-content\/uploads\/2022\/03\/Niclen-Logo_1200x1200.png\" \/>\n<meta name=\"twitter:card\" content=\"summary_large_image\" \/>\n<meta name=\"twitter:title\" content=\"Veranstaltungstechnik Dry Hire - alle Infos im NicLen Newsletter\" \/>\n<meta name=\"twitter:description\" content=\"Der NicLen Newsletter informiert Dich \u00fcber: Neuste Veranstaltungstechnik zur Miete \u2713 Veranstaltungen von\/mit uns \u2713 brandneue Services \u2713 Jetzt anmelden!\" \/>\n<meta name=\"twitter:image\" content=\"https:\/\/www.niclen.de\/wp-content\/uploads\/2024\/01\/DSC04552-1024x684.jpg\" \/>\n<meta name=\"twitter:label1\" content=\"Gesch\u00e4tzte Lesezeit\" \/>\n\t<meta name=\"twitter:data1\" content=\"1\u00a0Minute\" \/>\n<script type=\"application\/ld+json\" class=\"yoast-schema-graph\">{\"@context\":\"https:\/\/schema.org\",\"@graph\":[{\"@type\":\"WebPage\",\"@id\":\"https:\/\/www.niclen.de\/ch\/kontakt\/\",\"url\":\"https:\/\/www.niclen.de\/ch\/kontakt\/\",\"name\":\"Veranstaltungstechnik Dry Hire - alle Infos im NicLen Newsletter\",\"isPartOf\":{\"@id\":\"https:\/\/www.niclen.de\/#website\"},\"primaryImageOfPage\":{\"@id\":\"https:\/\/www.niclen.de\/ch\/kontakt\/#primaryimage\"},\"image\":{\"@id\":\"https:\/\/www.niclen.de\/ch\/kontakt\/#primaryimage\"},\"thumbnailUrl\":\"https:\/\/www.niclen.de\/wp-content\/uploads\/2024\/01\/DSC04552.jpg\",\"datePublished\":\"2021-02-28T20:20:30+00:00\",\"dateModified\":\"2025-10-14T10:41:53+00:00\",\"description\":\"Der NicLen Newsletter informiert Dich \u00fcber: Neuste Veranstaltungstechnik zur Miete \u2713 Veranstaltungen von\/mit uns \u2713 brandneue Services \u2713 Jetzt anmelden!\",\"breadcrumb\":{\"@id\":\"https:\/\/www.niclen.de\/ch\/kontakt\/#breadcrumb\"},\"inLanguage\":\"de-CH\",\"potentialAction\":[{\"@type\":\"ReadAction\",\"target\":[\"https:\/\/www.niclen.de\/ch\/kontakt\/\"]}]},{\"@type\":\"ImageObject\",\"inLanguage\":\"de-CH\",\"@id\":\"https:\/\/www.niclen.de\/ch\/kontakt\/#primaryimage\",\"url\":\"https:\/\/www.niclen.de\/wp-content\/uploads\/2024\/01\/DSC04552.jpg\",\"contentUrl\":\"https:\/\/www.niclen.de\/wp-content\/uploads\/2024\/01\/DSC04552.jpg\",\"width\":1900,\"height\":1269},{\"@type\":\"BreadcrumbList\",\"@id\":\"https:\/\/www.niclen.de\/ch\/kontakt\/#breadcrumb\",\"itemListElement\":[{\"@type\":\"ListItem\",\"position\":1,\"name\":\"Startseite\",\"item\":\"https:\/\/www.niclen.de\/\"},{\"@type\":\"ListItem\",\"position\":2,\"name\":\"Kontakt\"}]},{\"@type\":\"WebSite\",\"@id\":\"https:\/\/www.niclen.de\/#website\",\"url\":\"https:\/\/www.niclen.de\/\",\"name\":\"NicLen GmbH\",\"description\":\"Licht, Rigging, Audio &amp; Video von einem Partner\",\"potentialAction\":[{\"@type\":\"SearchAction\",\"target\":{\"@type\":\"EntryPoint\",\"urlTemplate\":\"https:\/\/www.niclen.de\/?s={search_term_string}\"},\"query-input\":{\"@type\":\"PropertyValueSpecification\",\"valueRequired\":true,\"valueName\":\"search_term_string\"}}],\"inLanguage\":\"de-CH\"}]}<\/script>\n<!-- \/ Yoast SEO plugin. -->","yoast_head_json":{"title":"Veranstaltungstechnik Dry Hire - alle Infos im NicLen Newsletter","description":"Der NicLen Newsletter informiert Dich \u00fcber: Neuste Veranstaltungstechnik zur Miete \u2713 Veranstaltungen von\/mit uns \u2713 brandneue Services \u2713 Jetzt anmelden!","robots":{"index":"index","follow":"follow","max-snippet":"max-snippet:-1","max-image-preview":"max-image-preview:large","max-video-preview":"max-video-preview:-1"},"canonical":"https:\/\/www.niclen.de\/ch\/kontakt\/","og_locale":"de_DE","og_type":"article","og_title":"Veranstaltungstechnik Dry Hire - alle Infos im NicLen Newsletter","og_description":"Der NicLen Newsletter informiert Dich \u00fcber: Neuste Veranstaltungstechnik zur Miete \u2713 Veranstaltungen von\/mit uns \u2713 brandneue Services \u2713 Jetzt anmelden!","og_url":"https:\/\/www.niclen.de\/ch\/kontakt\/","og_site_name":"NicLen GmbH","article_modified_time":"2025-10-14T10:41:53+00:00","og_image":[{"url":"https:\/\/www.niclen.de\/wp-content\/uploads\/2022\/03\/Niclen-Logo_1200x1200.png","type":"","width":"","height":""}],"twitter_card":"summary_large_image","twitter_title":"Veranstaltungstechnik Dry Hire - alle Infos im NicLen Newsletter","twitter_description":"Der NicLen Newsletter informiert Dich \u00fcber: Neuste Veranstaltungstechnik zur Miete \u2713 Veranstaltungen von\/mit uns \u2713 brandneue Services \u2713 Jetzt anmelden!","twitter_image":"https:\/\/www.niclen.de\/wp-content\/uploads\/2024\/01\/DSC04552-1024x684.jpg","twitter_misc":{"Gesch\u00e4tzte Lesezeit":"1\u00a0Minute"},"schema":{"@context":"https:\/\/schema.org","@graph":[{"@type":"WebPage","@id":"https:\/\/www.niclen.de\/ch\/kontakt\/","url":"https:\/\/www.niclen.de\/ch\/kontakt\/","name":"Veranstaltungstechnik Dry Hire - alle Infos im NicLen Newsletter","isPartOf":{"@id":"https:\/\/www.niclen.de\/#website"},"primaryImageOfPage":{"@id":"https:\/\/www.niclen.de\/ch\/kontakt\/#primaryimage"},"image":{"@id":"https:\/\/www.niclen.de\/ch\/kontakt\/#primaryimage"},"thumbnailUrl":"https:\/\/www.niclen.de\/wp-content\/uploads\/2024\/01\/DSC04552.jpg","datePublished":"2021-02-28T20:20:30+00:00","dateModified":"2025-10-14T10:41:53+00:00","description":"Der NicLen Newsletter informiert Dich \u00fcber: Neuste Veranstaltungstechnik zur Miete \u2713 Veranstaltungen von\/mit uns \u2713 brandneue Services \u2713 Jetzt anmelden!","breadcrumb":{"@id":"https:\/\/www.niclen.de\/ch\/kontakt\/#breadcrumb"},"inLanguage":"de-CH","potentialAction":[{"@type":"ReadAction","target":["https:\/\/www.niclen.de\/ch\/kontakt\/"]}]},{"@type":"ImageObject","inLanguage":"de-CH","@id":"https:\/\/www.niclen.de\/ch\/kontakt\/#primaryimage","url":"https:\/\/www.niclen.de\/wp-content\/uploads\/2024\/01\/DSC04552.jpg","contentUrl":"https:\/\/www.niclen.de\/wp-content\/uploads\/2024\/01\/DSC04552.jpg","width":1900,"height":1269},{"@type":"BreadcrumbList","@id":"https:\/\/www.niclen.de\/ch\/kontakt\/#breadcrumb","itemListElement":[{"@type":"ListItem","position":1,"name":"Startseite","item":"https:\/\/www.niclen.de\/"},{"@type":"ListItem","position":2,"name":"Kontakt"}]},{"@type":"WebSite","@id":"https:\/\/www.niclen.de\/#website","url":"https:\/\/www.niclen.de\/","name":"NicLen GmbH","description":"Licht, Rigging, Audio &amp; Video von einem Partner","potentialAction":[{"@type":"SearchAction","target":{"@type":"EntryPoint","urlTemplate":"https:\/\/www.niclen.de\/?s={search_term_string}"},"query-input":{"@type":"PropertyValueSpecification","valueRequired":true,"valueName":"search_term_string"}}],"inLanguage":"de-CH"}]}},"_links":{"self":[{"href":"https:\/\/www.niclen.de\/ch\/wp-json\/wp\/v2\/pages\/11605","targetHints":{"allow":["GET"]}}],"collection":[{"href":"https:\/\/www.niclen.de\/ch\/wp-json\/wp\/v2\/pages"}],"about":[{"href":"https:\/\/www.niclen.de\/ch\/wp-json\/wp\/v2\/types\/page"}],"author":[{"embeddable":true,"href":"https:\/\/www.niclen.de\/ch\/wp-json\/wp\/v2\/users\/1"}],"replies":[{"embeddable":true,"href":"https:\/\/www.niclen.de\/ch\/wp-json\/wp\/v2\/comments?post=11605"}],"version-history":[{"count":5,"href":"https:\/\/www.niclen.de\/ch\/wp-json\/wp\/v2\/pages\/11605\/revisions"}],"predecessor-version":[{"id":24138,"href":"https:\/\/www.niclen.de\/ch\/wp-json\/wp\/v2\/pages\/11605\/revisions\/24138"}],"wp:featuredmedia":[{"embeddable":true,"href":"https:\/\/www.niclen.de\/ch\/wp-json\/wp\/v2\/media\/14024"}],"wp:attachment":[{"href":"https:\/\/www.niclen.de\/ch\/wp-json\/wp\/v2\/media?parent=11605"}],"curies":[{"name":"wp","href":"https:\/\/api.w.org\/{rel}","templated":true}]}}